{"id":5921,"date":"2025-11-27T23:11:47","date_gmt":"2025-11-27T12:11:47","guid":{"rendered":"https:\/\/tmt.digitaldreamhomes.com\/?page_id=5921"},"modified":"2026-02-09T00:06:37","modified_gmt":"2026-02-08T13:06:37","slug":"kurse-und-veranstaltungen","status":"publish","type":"page","link":"https:\/\/tmt.digitaldreamhomes.com\/de\/kurse-und-veranstaltungen\/","title":{"rendered":"Kurse und Veranstaltungen"},"content":{"rendered":"\n\t<section class=\"section header-section-ics dark\" id=\"section_485747112\">\n\t\t<div class=\"section-bg fill\" >\n\t\t\t<img loading=\"lazy\" decoding=\"async\" width=\"1920\" height=\"1024\" src=\"https:\/\/tmt.digitaldreamhomes.com\/wp-content\/uploads\/2024\/09\/1Mg0IVFW39gVfBeQB6oFvmAQkaBnWx4s.jpg\" class=\"bg attachment-original size-original\" alt=\"\" \/>\t\t\t\t\t\t<div class=\"section-bg-overlay absolute fill\"><\/div>\n\t\t\t\n\n\t\t<\/div>\n\n\t\t\n\n\t\t<div class=\"section-content relative\">\n\t\t\t\n<div class=\"row row-collapse row-full-width\"  id=\"row-1513567940\">\n\n\t<div id=\"col-1537675210\" class=\"col small-12 large-12\"  >\n\t\t\t\t<div class=\"col-inner\"  >\n\t\t\t\n\t\t\t\n\n  <div class=\"banner has-hover\" id=\"banner-1728750957\">\n          <div class=\"banner-inner fill\">\n        <div class=\"banner-bg fill\" >\n            <img loading=\"lazy\" decoding=\"async\" width=\"1282\" height=\"721\" src=\"https:\/\/tmt.digitaldreamhomes.com\/wp-content\/uploads\/2025\/07\/1.-20.08.21-IG-TMT-5.jpg\" class=\"bg attachment-original size-original\" alt=\"Thailand Mountain Trail Hikking Trails, Trekking Trips, &amp; Running Tours Thailand 1. 20.08.21 Ig Tmt 5\" \/>                                    \n                    <\/div>\n\t\t\n        <div class=\"banner-layers container\">\n            <div class=\"fill banner-link\"><\/div>            \n   <div id=\"text-box-2118839975\" class=\"text-box banner-layer x50 md-x50 lg-x50 y95 md-y80 lg-y80 res-text\">\n                                <div class=\"text-box-content text dark\">\n              \n              <div class=\"text-inner text-center\">\n                  \n\t<div id=\"text-2339632214\" class=\"text h1-ics2026\">\n\t\t\n<h1>KURSE &#038; VERANSTALTUNGEN<\/h1>\n\t\t\t<\/div>\n\t\n\t<div id=\"gap-1969187667\" class=\"gap-element clearfix\" style=\"display:block; height:auto;\">\n\t\t\n<style>\n#gap-1969187667 {\n  padding-top: 1px;\n}\n<\/style>\n\t<\/div>\n\t\n\t<div id=\"text-237528066\" class=\"text subtitle-ics2026\">\n\t\t\n<p>CHIANG MAI<\/p>\n\t\t\t<\/div>\n\t\n\t\t<div class=\"icon-ics2026\">\n\t\t\t\t\n\t\t<\/div>\n\t\n              <\/div>\n           <\/div>\n                            \n<style>\n#text-box-2118839975 {\n  width: 95%;\n}\n#text-box-2118839975 .text-box-content {\n  font-size: 65%;\n}\n@media (min-width:550px) {\n  #text-box-2118839975 {\n    width: 95%;\n  }\n  #text-box-2118839975 .text-box-content {\n    font-size: 100%;\n  }\n}\n<\/style>\n    <\/div>\n \n   <div id=\"text-box-1742917159\" class=\"text-box banner-layer x50 md-x50 lg-x50 y100 md-y100 lg-y100 res-text\">\n                                <div class=\"text-box-content text dark\">\n              \n              <div class=\"text-inner text-center\">\n                  \n<div class=\"row row-collapse row-full-width\"  id=\"row-198734878\">\n\n\t<div id=\"col-812740938\" class=\"col small-12 large-12\"  >\n\t\t\t\t<div class=\"col-inner\"  >\n\t\t\t\n\t\t\t\n<div class=\"custom-white-divider-ics\"><svg xmlns=\"http:\/\/www.w3.org\/2000\/svg\" viewBox=\"0 0 1440 150\" preserveAspectRatio=\"none\"><defs><linearGradient id=\"WhiteGradient\" x1=\"0%\" y1=\"0%\" x2=\"100%\" y2=\"0%\"><stop offset=\"0%\" stop-color=\"#ffff\"\/><stop offset=\"100%\" stop-color=\"#ffff\"\/><\/linearGradient><\/defs><path fill=\"url(#WhiteGradient)\" d=\"M0,150L1440,50V150H0Z\"\/><\/svg><\/div>\n\t\t<\/div>\n\t\t\t\t\n<style>\n#col-812740938 > .col-inner {\n  margin: 0px 0px -6px 0px;\n}\n@media (min-width:550px) {\n  #col-812740938 > .col-inner {\n    margin: 0px 0px -8px 0px;\n  }\n}\n<\/style>\n\t<\/div>\n\n\t\n<\/div>\n              <\/div>\n           <\/div>\n                            \n<style>\n#text-box-1742917159 {\n  width: 100%;\n}\n#text-box-1742917159 .text-box-content {\n  font-size: 100%;\n}\n@media (min-width:550px) {\n  #text-box-1742917159 {\n    width: 100%;\n  }\n}\n<\/style>\n    <\/div>\n \n        <\/div>\n      <\/div>\n\n            \n<style>\n#banner-1728750957 {\n  padding-top: 105vh;\n  background-color: rgb(194, 200, 192);\n}\n#banner-1728750957 .banner-bg img {\n  object-position: 54% 60%;\n}\n@media (min-width:550px) {\n  #banner-1728750957 {\n    padding-top: 115vh;\n  }\n}\n<\/style>\n  <\/div>\n\n\n\t\t<\/div>\n\t\t\t\t\n<style>\n#col-1537675210 > .col-inner {\n  margin: 0px 0px 0px 0px;\n}\n@media (min-width:550px) {\n  #col-1537675210 > .col-inner {\n    margin: 0px 0px -7px 0px;\n  }\n}\n<\/style>\n\t<\/div>\n\n\t\n<\/div>\n\t\t<\/div>\n\n\t\t\n<style>\n#section_485747112 {\n  padding-top: 0px;\n  padding-bottom: 0px;\n}\n#section_485747112 .section-bg-overlay {\n  background-color: rgba(0, 0, 0, 0.099);\n}\n#section_485747112 .section-bg img {\n  object-position: 44% 43%;\n}\n<\/style>\n\t<\/section>\n\t\n\n\t<section class=\"section\" id=\"section_133853913\">\n\t\t<div class=\"section-bg fill\" >\n\t\t\t\t\t\t\t\t\t\n\t\t\t\n\n\t\t<\/div>\n\n\t\t\n\n\t\t<div class=\"section-content relative\">\n\t\t\t\n<div class=\"row align-center\"  id=\"row-1660365199\">\n\n\t<div id=\"col-951823038\" class=\"col medium-11 small-12 large-11\"  >\n\t\t\t\t<div class=\"col-inner text-center\"  >\n\t\t\t\n\t\t\t\n\t<div id=\"gap-787170969\" class=\"gap-element clearfix\" style=\"display:block; height:auto;\">\n\t\t\n<style>\n#gap-787170969 {\n  padding-top: 65px;\n}\n@media (min-width:550px) {\n  #gap-787170969 {\n    padding-top: 85px;\n  }\n}\n<\/style>\n\t<\/div>\n\t\n\t<div id=\"text-1438361136\" class=\"text text-ics\">\n\t\t\n<p><span style=\"font-size: 140%;\">Das <a href=\"http:\/\/www.facebook.com\/Thailand.Mountain.Trail\">Chiang Mai Running Retreat<\/a> ist eines unserer j\u00e4hrlichen Laufcamps. Es findet \u00fcblicherweise im Juni und Juli, zu Beginn der Regenzeit, statt, wenn die Bedingungen ideal zum Trailrunning sind. Das Camp liegt rund um Chiang Mai, in den h\u00f6chsten Bergregionen Thailands. Drei Tage lang bietet es die einzigartige Gelegenheit, neue, von TMT wiederentdeckte und zug\u00e4nglich gemachte Trailgebiete kennenzulernen. Gruppen unterschiedlicher Leistungsstufen werden von lokalen Guides begleitet; die \u00dcbernachtungen erfolgen in Drei-Sterne-Resorts und Bergd\u00f6rfern, die optimale Bedingungen zur Regeneration bieten.<\/span><\/p>\n\t\t\t<\/div>\n\t\n\t<div id=\"gap-1258339472\" class=\"gap-element clearfix\" style=\"display:block; height:auto;\">\n\t\t\n<style>\n#gap-1258339472 {\n  padding-top: 65px;\n}\n@media (min-width:550px) {\n  #gap-1258339472 {\n    padding-top: 85px;\n  }\n}\n<\/style>\n\t<\/div>\n\t\n\t\t<\/div>\n\t\t\t\t\n<style>\n#col-951823038 > .col-inner {\n  padding: 0px 0px 0px 0px;\n}\n<\/style>\n\t<\/div>\n\n\t\n<\/div>\n\t\t<\/div>\n\n\t\t\n<style>\n#section_133853913 {\n  padding-top: 0px;\n  padding-bottom: 0px;\n  background-color: rgb(255,255,255);\n}\n<\/style>\n\t<\/section>\n\t\n\n\t<section class=\"section\" id=\"section_13307391\">\n\t\t<div class=\"section-bg fill\" >\n\t\t\t\t\t\t\t\t\t\n\t\t\t\n\n\t\t<\/div>\n\n\t\t\n\n\t\t<div class=\"section-content relative\">\n\t\t\t\n\n  <div class=\"banner has-hover\" id=\"banner-1397400144\">\n          <div class=\"banner-inner fill\">\n        <div class=\"banner-bg fill\" >\n            <img loading=\"lazy\" decoding=\"async\" width=\"1020\" height=\"457\" src=\"https:\/\/tmt.digitaldreamhomes.com\/wp-content\/uploads\/2025\/07\/2.-CMR2-Visual.jpg\" class=\"bg attachment-large size-large\" alt=\"Thailand Mountain Trail Hikking Trails, Trekking Trips, &amp; Running Tours Thailand 2. Cmr2 Visual\" \/>                                    \n                    <\/div>\n\t\t\n        <div class=\"banner-layers container\">\n            <div class=\"fill banner-link\"><\/div>            \n   <div id=\"text-box-464453932\" class=\"text-box banner-layer x50 md-x50 lg-x50 y50 md-y50 lg-y50 res-text\">\n                                <div class=\"text-box-content text dark\">\n              \n              <div class=\"text-inner text-center\">\n                  \n              <\/div>\n           <\/div>\n                            \n<style>\n#text-box-464453932 {\n  width: 60%;\n}\n#text-box-464453932 .text-box-content {\n  font-size: 100%;\n}\n<\/style>\n    <\/div>\n \n        <\/div>\n      <\/div>\n\n            \n<style>\n#banner-1397400144 {\n  padding-top: 50%;\n  background-color: rgb(255,255,255);\n}\n@media (min-width:550px) {\n  #banner-1397400144 {\n    padding-top: 50%;\n  }\n}\n<\/style>\n  <\/div>\n\n\n\t\t<\/div>\n\n\t\t\n<style>\n#section_13307391 {\n  padding-top: 0px;\n  padding-bottom: 0px;\n}\n<\/style>\n\t<\/section>\n\t\n\n\t<section class=\"section\" id=\"section_1460787276\">\n\t\t<div class=\"section-bg fill\" >\n\t\t\t\t\t\t\t\t\t\n\t\t\t\n\n\t\t<\/div>\n\n\t\t\n\n\t\t<div class=\"section-content relative\">\n\t\t\t\n<div class=\"row align-center\"  id=\"row-2005082740\">\n\n\t<div id=\"col-237955436\" class=\"col medium-11 small-12 large-11\"  >\n\t\t\t\t<div class=\"col-inner text-center\"  >\n\t\t\t\n\t\t\t\n\t<div id=\"gap-1005329265\" class=\"gap-element clearfix\" style=\"display:block; height:auto;\">\n\t\t\n<style>\n#gap-1005329265 {\n  padding-top: 65px;\n}\n@media (min-width:550px) {\n  #gap-1005329265 {\n    padding-top: 85px;\n  }\n}\n<\/style>\n\t<\/div>\n\t\n\t<div id=\"text-3506835196\" class=\"text text-ics\">\n\t\t\n<p><span style=\"font-size: 140%;\">Das New Year Mountain Camp ist ein mehrt\u00e4giges Laufcamp, das j\u00e4hrlich um Neujahr stattfindet und 3, 4 oder 5 Tage dauert. Es richtet sich an L\u00e4ufer, die einen aktiven und gesunden Jahresausklang suchen. Das Camp ist f\u00fcr L\u00e4ufer aller Leistungsstufen geeignet und erm\u00f6glicht es jedem, t\u00e4glich 20 bis 30 Kilometer im eigenen Tempo zur\u00fcckzulegen. Einige N\u00e4chte werden in komfortablen 3-Sterne-Hotels und Resorts verbracht, w\u00e4hrend andere N\u00e4chte, wie beispielsweise Silvester, typischerweise in den Bergen, in D\u00f6rfern mit ethnischen Minderheiten, stattfinden. Das NY Mountain Camp bietet die einmalige Gelegenheit f\u00fcr einen unvergesslichen, gesunden und aufregenden Jahreswechsel!<\/span><\/p>\n\t\t\t<\/div>\n\t\n\t<div id=\"gap-382689299\" class=\"gap-element clearfix\" style=\"display:block; height:auto;\">\n\t\t\n<style>\n#gap-382689299 {\n  padding-top: 65px;\n}\n@media (min-width:550px) {\n  #gap-382689299 {\n    padding-top: 85px;\n  }\n}\n<\/style>\n\t<\/div>\n\t\n\t\t<\/div>\n\t\t\t\t\n<style>\n#col-237955436 > .col-inner {\n  padding: 0px 0px 0px 0px;\n}\n<\/style>\n\t<\/div>\n\n\t\n<\/div>\n\t\t<\/div>\n\n\t\t\n<style>\n#section_1460787276 {\n  padding-top: 0px;\n  padding-bottom: 0px;\n  background-color: rgb(255,255,255);\n}\n@media (min-width:550px) {\n  #section_1460787276 {\n    padding-top: 0px;\n    padding-bottom: 0px;\n  }\n}\n<\/style>\n\t<\/section>\n\t\n\n\t<section class=\"section\" id=\"section_1428175436\">\n\t\t<div class=\"section-bg fill\" >\n\t\t\t\t\t\t\t\t\t\n\t\t\t\n\n\t\t<\/div>\n\n\t\t\n\n\t\t<div class=\"section-content relative\">\n\t\t\t\n\n  <div class=\"banner has-hover\" id=\"banner-596136832\">\n          <div class=\"banner-inner fill\">\n        <div class=\"banner-bg fill\" >\n            <img loading=\"lazy\" decoding=\"async\" width=\"1020\" height=\"457\" src=\"https:\/\/tmt.digitaldreamhomes.com\/wp-content\/uploads\/2025\/07\/3.-NYC-2020-Visual.png\" class=\"bg attachment-large size-large\" alt=\"Thailand Mountain Trail Hikking Trails, Trekking Trips, &amp; Running Tours Thailand 3. Nyc 2020 Visual\" \/>                                    \n                    <\/div>\n\t\t\n        <div class=\"banner-layers container\">\n            <div class=\"fill banner-link\"><\/div>            \n   <div id=\"text-box-2124978837\" class=\"text-box banner-layer x50 md-x50 lg-x50 y50 md-y50 lg-y50 res-text\">\n                                <div class=\"text-box-content text dark\">\n              \n              <div class=\"text-inner text-center\">\n                  \n              <\/div>\n           <\/div>\n                            \n<style>\n#text-box-2124978837 {\n  width: 60%;\n}\n#text-box-2124978837 .text-box-content {\n  font-size: 100%;\n}\n<\/style>\n    <\/div>\n \n        <\/div>\n      <\/div>\n\n            \n<style>\n#banner-596136832 {\n  padding-top: 50%;\n  background-color: rgb(255,255,255);\n}\n@media (min-width:550px) {\n  #banner-596136832 {\n    padding-top: 50%;\n  }\n}\n<\/style>\n  <\/div>\n\n\n\t\t<\/div>\n\n\t\t\n<style>\n#section_1428175436 {\n  padding-top: 0px;\n  padding-bottom: 0px;\n}\n<\/style>\n\t<\/section>\n\t\n\n\t<section class=\"section\" id=\"section_2071798456\">\n\t\t<div class=\"section-bg fill\" >\n\t\t\t\t\t\t\t\t\t\n\t\t\t\n\n\t\t<\/div>\n\n\t\t\n\n\t\t<div class=\"section-content relative\">\n\t\t\t\n<div class=\"row align-center\"  id=\"row-1904734282\">\n\n\t<div id=\"col-390081956\" class=\"col medium-11 small-12 large-11\"  >\n\t\t\t\t<div class=\"col-inner text-center\"  >\n\t\t\t\n\t\t\t\n\t<div id=\"gap-800799398\" class=\"gap-element clearfix\" style=\"display:block; height:auto;\">\n\t\t\n<style>\n#gap-800799398 {\n  padding-top: 65px;\n}\n@media (min-width:550px) {\n  #gap-800799398 {\n    padding-top: 85px;\n  }\n}\n<\/style>\n\t<\/div>\n\t\n\t<div id=\"text-211907170\" class=\"text text-ics\">\n\t\t\n<p><span style=\"font-size: 140%;\">Die <a href=\"https:\/\/utmb.world\/\">UTMB World Series<\/a> ist der weltweit gr\u00f6\u00dfte und renommierteste Trailrunning-Wettbewerb. Mit 60 Rennen rund um den Globus und dem <a href=\"https:\/\/utmbmontblanc.com\/en\/home\">Finale in Chamonix Mont-Blanc, Frankreich<\/a>, gilt sie als Ma\u00dfstab f\u00fcr Trailrunner weltweit. TMT vertritt die UTMB in Thailand und wurde vom thail\u00e4ndischen Ministerium f\u00fcr Sport und Tourismus sowie der thail\u00e4ndischen Sportbeh\u00f6rde (SAT) beauftragt, diese in allen Aspekten der Rennorganisation (Strecke, Elitel\u00e4ufer, Teilnehmer, Sicherheit, Zeitmessung usw.) f\u00fcr die thail\u00e4ndische <a href=\"https:\/\/chiangmai.utmb.world\/\">Ausgabe in Chiang Mai<\/a> zu beraten.<\/span><\/p>\n\t\t\t<\/div>\n\t\n\t<div id=\"gap-1356563149\" class=\"gap-element clearfix\" style=\"display:block; height:auto;\">\n\t\t\n<style>\n#gap-1356563149 {\n  padding-top: 65px;\n}\n@media (min-width:550px) {\n  #gap-1356563149 {\n    padding-top: 85px;\n  }\n}\n<\/style>\n\t<\/div>\n\t\n\t\t<\/div>\n\t\t\t\t\n<style>\n#col-390081956 > .col-inner {\n  padding: 0px 0px 0px 0px;\n}\n<\/style>\n\t<\/div>\n\n\t\n<\/div>\n\t\t<\/div>\n\n\t\t\n<style>\n#section_2071798456 {\n  padding-top: 0px;\n  padding-bottom: 0px;\n  background-color: rgb(255,255,255);\n}\n@media (min-width:550px) {\n  #section_2071798456 {\n    padding-top: 0px;\n    padding-bottom: 0px;\n  }\n}\n<\/style>\n\t<\/section>\n\t\n\n\t<section class=\"section\" id=\"section_1269800378\">\n\t\t<div class=\"section-bg fill\" >\n\t\t\t\t\t\t\t\t\t\n\t\t\t\n\n\t\t<\/div>\n\n\t\t\n\n\t\t<div class=\"section-content relative\">\n\t\t\t\n\n  <div class=\"banner has-hover has-parallax\" id=\"banner-1531793624\">\n          <div class=\"banner-inner fill\">\n        <div class=\"banner-bg fill\" data-parallax=\"-2\" data-parallax-container=\".banner\" data-parallax-background>\n            <img loading=\"lazy\" decoding=\"async\" width=\"1920\" height=\"859\" src=\"https:\/\/tmt.digitaldreamhomes.com\/wp-content\/uploads\/2025\/07\/4.-cm-utmb.jpg\" class=\"bg attachment-original size-original\" alt=\"Thailand Mountain Trail Hikking Trails, Trekking Trips, &amp; Running Tours Thailand 4. Cm Utmb\" \/>                                    \n                    <\/div>\n\t\t\n        <div class=\"banner-layers container\">\n            <div class=\"fill banner-link\"><\/div>            \n        <\/div>\n      <\/div>\n\n            \n<style>\n#banner-1531793624 {\n  padding-top: 50%;\n  background-color: rgb(255,255,255);\n}\n#banner-1531793624 .banner-bg img {\n  object-position: 89% 62%;\n}\n@media (min-width:550px) {\n  #banner-1531793624 {\n    padding-top: 50%;\n  }\n}\n<\/style>\n  <\/div>\n\n\n\t\t<\/div>\n\n\t\t\n<style>\n#section_1269800378 {\n  padding-top: 0px;\n  padding-bottom: 0px;\n}\n<\/style>\n\t<\/section>\n\t\n\n\t<section class=\"section\" id=\"section_846108523\">\n\t\t<div class=\"section-bg fill\" >\n\t\t\t\t\t\t\t\t\t\n\t\t\t\n\n\t\t<\/div>\n\n\t\t\n\n\t\t<div class=\"section-content relative\">\n\t\t\t\n<div class=\"row align-center\"  id=\"row-608196597\">\n\n\t<div id=\"col-1731610471\" class=\"col medium-11 small-12 large-11\"  >\n\t\t\t\t<div class=\"col-inner text-center\"  >\n\t\t\t\n\t\t\t\n\t<div id=\"gap-639398695\" class=\"gap-element clearfix\" style=\"display:block; height:auto;\">\n\t\t\n<style>\n#gap-639398695 {\n  padding-top: 65px;\n}\n@media (min-width:550px) {\n  #gap-639398695 {\n    padding-top: 85px;\n  }\n}\n<\/style>\n\t<\/div>\n\t\n\t<div id=\"text-3566347113\" class=\"text text-ics\">\n\t\t\n<p><span style=\"font-size: 140%;\"><a href=\"http:\/\/www.queen-jungle.com\/\">Queen of the Jungle<\/a> ist ein einzigartiges Trailrunning-Abenteuer. Es handelt sich um einen dreit\u00e4gigen Etappenlauf f\u00fcr Zweierteams, exklusiv f\u00fcr L\u00e4uferinnen. Die Strecke schl\u00e4ngelt sich durch Dschungel, Reisfelder und \u00fcppige Berge in einigen der unber\u00fchrtesten Regionen des Landes. Etappen und \u00dcbernachtungen finden in Bergd\u00f6rfern entlang der Route statt. Hauptziel des Rennens ist es, die gesamte Distanz in drei Tagen zu bew\u00e4ltigen (140 km und \u00fcber 8.400 H\u00f6henmeter) und Spenden f\u00fcr das Projekt \u201eSport f\u00fcr Kinder\u201c zu sammeln, das Kinder in den Bergv\u00f6lkern unterst\u00fctzt. Die Veranstaltung ist derzeit bis zur Genehmigung der n\u00e4chsten Auflage ausgesetzt.<\/span><\/p>\n\t\t\t<\/div>\n\t\n\t<div id=\"gap-1050472741\" class=\"gap-element clearfix\" style=\"display:block; height:auto;\">\n\t\t\n<style>\n#gap-1050472741 {\n  padding-top: 65px;\n}\n@media (min-width:550px) {\n  #gap-1050472741 {\n    padding-top: 85px;\n  }\n}\n<\/style>\n\t<\/div>\n\t\n\t\t<\/div>\n\t\t\t\t\n<style>\n#col-1731610471 > .col-inner {\n  padding: 0px 0px 0px 0px;\n}\n<\/style>\n\t<\/div>\n\n\t\n<\/div>\n\t\t<\/div>\n\n\t\t\n<style>\n#section_846108523 {\n  padding-top: 0px;\n  padding-bottom: 0px;\n  background-color: rgb(255,255,255);\n}\n@media (min-width:550px) {\n  #section_846108523 {\n    padding-top: 0px;\n    padding-bottom: 0px;\n  }\n}\n<\/style>\n\t<\/section>\n\t\n\n\t<section class=\"section\" id=\"section_901062336\">\n\t\t<div class=\"section-bg fill\" >\n\t\t\t\t\t\t\t\t\t\n\t\t\t\n\n\t\t<\/div>\n\n\t\t\n\n\t\t<div class=\"section-content relative\">\n\t\t\t\n\n  <div class=\"banner has-hover\" id=\"banner-1746911563\">\n          <div class=\"banner-inner fill\">\n        <div class=\"banner-bg fill\" >\n            <img loading=\"lazy\" decoding=\"async\" width=\"1920\" height=\"860\" src=\"https:\/\/tmt.digitaldreamhomes.com\/wp-content\/uploads\/2025\/07\/5.-UTCM-Visual.jpg\" class=\"bg attachment-original size-original\" alt=\"Thailand Mountain Trail Hikking Trails, Trekking Trips, &amp; Running Tours Thailand 5. Utcm Visual\" \/>                                    \n                    <\/div>\n\t\t\n        <div class=\"banner-layers container\">\n            <div class=\"fill banner-link\"><\/div>            \n        <\/div>\n      <\/div>\n\n            \n<style>\n#banner-1746911563 {\n  padding-top: 45%;\n  background-color: rgb(255,255,255);\n}\n#banner-1746911563 .banner-bg img {\n  object-position: 42% 0%;\n}\n<\/style>\n  <\/div>\n\n\n\t\t<\/div>\n\n\t\t\n<style>\n#section_901062336 {\n  padding-top: 0px;\n  padding-bottom: 0px;\n}\n<\/style>\n\t<\/section>\n\t\n\n\t<section class=\"section\" id=\"section_327833666\">\n\t\t<div class=\"section-bg fill\" >\n\t\t\t\t\t\t\t\t\t\n\t\t\t\n\n\t\t<\/div>\n\n\t\t\n\n\t\t<div class=\"section-content relative\">\n\t\t\t\n<div class=\"row align-center\"  id=\"row-227484122\">\n\n\t<div id=\"col-848365011\" class=\"col medium-11 small-12 large-11\"  >\n\t\t\t\t<div class=\"col-inner text-center\"  >\n\t\t\t\n\t\t\t\n\t<div id=\"gap-1913974035\" class=\"gap-element clearfix\" style=\"display:block; height:auto;\">\n\t\t\n<style>\n#gap-1913974035 {\n  padding-top: 65px;\n}\n@media (min-width:550px) {\n  #gap-1913974035 {\n    padding-top: 85px;\n  }\n}\n<\/style>\n\t<\/div>\n\t\n\t<div id=\"text-31656826\" class=\"text text-ics\">\n\t\t\n<p><span style=\"font-size: 140%;\">Der <a href=\"http:\/\/www.ultra-thai.com\">Ultra Thai Chiang Mai<\/a> war der erste 100-Meilen-Ultratrail-Lauf in Thailand und der zweite in Asien nach dem <a href=\"https:\/\/mtfuji100.com\/en\/\">Ultra Trail Mount Fuji<\/a> in Japan. Er galt als einer der h\u00e4rtesten Ultratrails S\u00fcdostasiens mit bergigem, technisch anspruchsvollem und unber\u00fchrtem Gel\u00e4nde sowie hei\u00dfem und feuchtem Wetter. Ziel des Rennens war die Bew\u00e4ltigung der gesamten TMT.1-Strecke, Thailands erstem Fernwanderweg, der von unserer Agentur angelegt wurde. Im Jahr 2020 wurde der Lauf durch die UTMB Chiang Mai-Franchise ersetzt, deren offizieller Partner unsere Agentur ist.<\/span><\/p>\n\t\t\t<\/div>\n\t\n\t<div id=\"gap-214192615\" class=\"gap-element clearfix\" style=\"display:block; height:auto;\">\n\t\t\n<style>\n#gap-214192615 {\n  padding-top: 65px;\n}\n@media (min-width:550px) {\n  #gap-214192615 {\n    padding-top: 85px;\n  }\n}\n<\/style>\n\t<\/div>\n\t\n\t\t<\/div>\n\t\t\t\t\n<style>\n#col-848365011 > .col-inner {\n  padding: 0px 0px 0px 0px;\n}\n<\/style>\n\t<\/div>\n\n\t\n<\/div>\n\t\t<\/div>\n\n\t\t\n<style>\n#section_327833666 {\n  padding-top: 0px;\n  padding-bottom: 0px;\n  background-color: rgb(255,255,255);\n}\n@media (min-width:550px) {\n  #section_327833666 {\n    padding-top: 0px;\n    padding-bottom: 0px;\n  }\n}\n<\/style>\n\t<\/section>\n\t\n\n\t<section class=\"section\" id=\"section_210572602\">\n\t\t<div class=\"section-bg fill\" >\n\t\t\t\t\t\t\t\t\t\n\t\t\t\n\n\t\t<\/div>\n\n\t\t\n\n\t\t<div class=\"section-content relative\">\n\t\t\t\n\n  <div class=\"banner has-hover\" id=\"banner-2041743902\">\n          <div class=\"banner-inner fill\">\n        <div class=\"banner-bg fill\" >\n            <img loading=\"lazy\" decoding=\"async\" width=\"1920\" height=\"861\" src=\"https:\/\/tmt.digitaldreamhomes.com\/wp-content\/uploads\/2025\/07\/6.-QOJ-Visual.png\" class=\"bg attachment-original size-original\" alt=\"Thailand Mountain Trail Hikking Trails, Trekking Trips, &amp; Running Tours Thailand 6. Qoj Visual\" \/>                                    \n                    <\/div>\n\t\t\n        <div class=\"banner-layers container\">\n            <div class=\"fill banner-link\"><\/div>            \n        <\/div>\n      <\/div>\n\n            \n<style>\n#banner-2041743902 {\n  padding-top: 50%;\n  background-color: rgb(255,255,255);\n}\n#banner-2041743902 .banner-bg img {\n  object-position: 52% 86%;\n}\n@media (min-width:550px) {\n  #banner-2041743902 {\n    padding-top: 50%;\n  }\n}\n<\/style>\n  <\/div>\n\n\n\t\t<\/div>\n\n\t\t\n<style>\n#section_210572602 {\n  padding-top: 0px;\n  padding-bottom: 0px;\n}\n<\/style>\n\t<\/section>\n\t\n","protected":false},"excerpt":{"rendered":"","protected":false},"author":2,"featured_media":0,"parent":0,"menu_order":0,"comment_status":"closed","ping_status":"closed","template":"page-transparent-header-light.php","meta":{"_acf_changed":false,"inline_featured_image":false,"footnotes":""},"class_list":["post-5921","page","type-page","status-publish","hentry"],"acf":[],"_hostinger_reach_plugin_has_subscription_block":false,"_hostinger_reach_plugin_is_elementor":false,"_links":{"self":[{"href":"https:\/\/tmt.digitaldreamhomes.com\/de\/wp-json\/wp\/v2\/pages\/5921","targetHints":{"allow":["GET"]}}],"collection":[{"href":"https:\/\/tmt.digitaldreamhomes.com\/de\/wp-json\/wp\/v2\/pages"}],"about":[{"href":"https:\/\/tmt.digitaldreamhomes.com\/de\/wp-json\/wp\/v2\/types\/page"}],"author":[{"embeddable":true,"href":"https:\/\/tmt.digitaldreamhomes.com\/de\/wp-json\/wp\/v2\/users\/2"}],"replies":[{"embeddable":true,"href":"https:\/\/tmt.digitaldreamhomes.com\/de\/wp-json\/wp\/v2\/comments?post=5921"}],"version-history":[{"count":10,"href":"https:\/\/tmt.digitaldreamhomes.com\/de\/wp-json\/wp\/v2\/pages\/5921\/revisions"}],"predecessor-version":[{"id":6726,"href":"https:\/\/tmt.digitaldreamhomes.com\/de\/wp-json\/wp\/v2\/pages\/5921\/revisions\/6726"}],"wp:attachment":[{"href":"https:\/\/tmt.digitaldreamhomes.com\/de\/wp-json\/wp\/v2\/media?parent=5921"}],"curies":[{"name":"wp","href":"https:\/\/api.w.org\/{rel}","templated":true}]}}