{"id":5938,"date":"2025-11-27T23:35:02","date_gmt":"2025-11-27T12:35:02","guid":{"rendered":"https:\/\/tmt.digitaldreamhomes.com\/?page_id=5938"},"modified":"2026-02-09T03:59:57","modified_gmt":"2026-02-08T16:59:57","slug":"unsere-geschichte","status":"publish","type":"page","link":"https:\/\/tmt.digitaldreamhomes.com\/de\/unsere-geschichte\/","title":{"rendered":"Unsere Geschichte"},"content":{"rendered":"\n\t<section class=\"section header-section-ics dark\" id=\"section_1877600259\">\n\t\t<div class=\"section-bg fill\" >\n\t\t\t<img loading=\"lazy\" decoding=\"async\" width=\"1920\" height=\"1024\" src=\"https:\/\/tmt.digitaldreamhomes.com\/wp-content\/uploads\/2024\/09\/1Mg0IVFW39gVfBeQB6oFvmAQkaBnWx4s.jpg\" class=\"bg attachment-original size-original\" alt=\"\" \/>\t\t\t\t\t\t<div class=\"section-bg-overlay absolute fill\"><\/div>\n\t\t\t\n\n\t\t<\/div>\n\n\t\t\n\n\t\t<div class=\"section-content relative\">\n\t\t\t\n<div class=\"row row-collapse row-full-width\"  id=\"row-618623908\">\n\n\t<div id=\"col-676528610\" class=\"col small-12 large-12\"  >\n\t\t\t\t<div class=\"col-inner\"  >\n\t\t\t\n\t\t\t\n\n  <div class=\"banner has-hover\" id=\"banner-1948953313\">\n          <div class=\"banner-inner fill\">\n        <div class=\"banner-bg fill\" >\n            <img loading=\"lazy\" decoding=\"async\" width=\"2560\" height=\"1707\" src=\"https:\/\/tmt.digitaldreamhomes.com\/wp-content\/uploads\/2025\/07\/1.-VK-228-scaled.jpg\" class=\"bg attachment-original size-original\" alt=\"Thailand Mountain Trail Hikking Trails, Trekking Trips, &amp; Running Tours Thailand 1. Vk 228\" \/>                                    \n                    <\/div>\n\t\t\n        <div class=\"banner-layers container\">\n            <div class=\"fill banner-link\"><\/div>            \n   <div id=\"text-box-145662591\" class=\"text-box banner-layer x50 md-x50 lg-x50 y95 md-y80 lg-y80 res-text\">\n                                <div class=\"text-box-content text dark\">\n              \n              <div class=\"text-inner text-center\">\n                  \n\t<div id=\"text-483496927\" class=\"text h1-ics2026\">\n\t\t\n<h1>UNSERE GESCHICHTE<\/h1>\n\t\t\t<\/div>\n\t\n\t<div id=\"gap-1899517562\" class=\"gap-element clearfix\" style=\"display:block; height:auto;\">\n\t\t\n<style>\n#gap-1899517562 {\n  padding-top: 1px;\n}\n<\/style>\n\t<\/div>\n\t\n\t<div id=\"text-1863100629\" class=\"text subtitle-ics2026\">\n\t\t\n<p>PIONIER DES TRAILRUNNINGS<br \/>&#038; TREKKINGS<\/p>\n\t\t\t<\/div>\n\t\n\t\t<div class=\"icon-ics2026\">\n\t\t\t\t\n\t\t<\/div>\n\t\n              <\/div>\n           <\/div>\n                            \n<style>\n#text-box-145662591 {\n  width: 95%;\n}\n#text-box-145662591 .text-box-content {\n  font-size: 65%;\n}\n@media (min-width:550px) {\n  #text-box-145662591 {\n    width: 95%;\n  }\n  #text-box-145662591 .text-box-content {\n    font-size: 100%;\n  }\n}\n<\/style>\n    <\/div>\n \n   <div id=\"text-box-373966498\" class=\"text-box banner-layer x50 md-x50 lg-x50 y100 md-y100 lg-y100 res-text\">\n                                <div class=\"text-box-content text dark\">\n              \n              <div class=\"text-inner text-center\">\n                  \n<div class=\"row row-collapse row-full-width\"  id=\"row-1093151156\">\n\n\t<div id=\"col-923508837\" class=\"col small-12 large-12\"  >\n\t\t\t\t<div class=\"col-inner\"  >\n\t\t\t\n\t\t\t\n<div class=\"custom-white-divider-ics\"><svg xmlns=\"http:\/\/www.w3.org\/2000\/svg\" viewBox=\"0 0 1440 150\" preserveAspectRatio=\"none\"><defs><linearGradient id=\"WhiteGradient\" x1=\"0%\" y1=\"0%\" x2=\"100%\" y2=\"0%\"><stop offset=\"0%\" stop-color=\"#ffff\"\/><stop offset=\"100%\" stop-color=\"#ffff\"\/><\/linearGradient><\/defs><path fill=\"url(#WhiteGradient)\" d=\"M0,150L1440,50V150H0Z\"\/><\/svg><\/div>\n\t\t<\/div>\n\t\t\t\t\n<style>\n#col-923508837 > .col-inner {\n  margin: 0px 0px -6px 0px;\n}\n@media (min-width:550px) {\n  #col-923508837 > .col-inner {\n    margin: 0px 0px -8px 0px;\n  }\n}\n<\/style>\n\t<\/div>\n\n\t\n<\/div>\n              <\/div>\n           <\/div>\n                            \n<style>\n#text-box-373966498 {\n  width: 100%;\n}\n#text-box-373966498 .text-box-content {\n  font-size: 100%;\n}\n@media (min-width:550px) {\n  #text-box-373966498 {\n    width: 100%;\n  }\n}\n<\/style>\n    <\/div>\n \n        <\/div>\n      <\/div>\n\n            \n<style>\n#banner-1948953313 {\n  padding-top: 105vh;\n  background-color: rgb(194, 200, 192);\n}\n#banner-1948953313 .banner-bg img {\n  object-position: 54% 60%;\n}\n@media (min-width:550px) {\n  #banner-1948953313 {\n    padding-top: 115vh;\n  }\n}\n<\/style>\n  <\/div>\n\n\n\t\t<\/div>\n\t\t\t\t\n<style>\n#col-676528610 > .col-inner {\n  margin: 0px 0px 0px 0px;\n}\n@media (min-width:550px) {\n  #col-676528610 > .col-inner {\n    margin: 0px 0px -7px 0px;\n  }\n}\n<\/style>\n\t<\/div>\n\n\t\n<\/div>\n\t\t<\/div>\n\n\t\t\n<style>\n#section_1877600259 {\n  padding-top: 0px;\n  padding-bottom: 0px;\n}\n#section_1877600259 .section-bg-overlay {\n  background-color: rgba(0, 0, 0, 0.099);\n}\n#section_1877600259 .section-bg img {\n  object-position: 44% 43%;\n}\n<\/style>\n\t<\/section>\n\t\n\n\t<section class=\"section\" id=\"section_2125221673\">\n\t\t<div class=\"section-bg fill\" >\n\t\t\t\t\t\t\t\t\t\n\t\t\t\n\n\t\t<\/div>\n\n\t\t\n\n\t\t<div class=\"section-content relative\">\n\t\t\t\n<div class=\"row align-center\"  id=\"row-459726876\">\n\n\t<div id=\"col-392980429\" class=\"col medium-11 small-12 large-11\"  >\n\t\t\t\t<div class=\"col-inner text-center\"  >\n\t\t\t\n\t\t\t\n\t<div id=\"gap-1442818723\" class=\"gap-element clearfix\" style=\"display:block; height:auto;\">\n\t\t\n<style>\n#gap-1442818723 {\n  padding-top: 65px;\n}\n@media (min-width:550px) {\n  #gap-1442818723 {\n    padding-top: 85px;\n  }\n}\n<\/style>\n\t<\/div>\n\t\n\t<div id=\"text-2131637730\" class=\"text text-ics\">\n\t\t\n<p><span style=\"font-size: 140%;\">Alles begann 2012 mit einer Idee: Thailands erstes Fernwanderwegenetz zu er\u00f6ffnen und zu betreiben. Damals gab es in Thailand keine Fernwander- oder Laufstrecken, und wir wollten die Ersten sein, die ein solches Netz schaffen. Unsere Leidenschaft f\u00fcr Natur und Trailrunning trieb uns an, abseits der \u00fcblichen Touristenpfade unsere eigenen Routen zu entwickeln und unsere eigenen Wege zu erkunden.<\/span><\/p>\n\t\t\t<\/div>\n\t\n\t<div id=\"gap-1472560995\" class=\"gap-element clearfix\" style=\"display:block; height:auto;\">\n\t\t\n<style>\n#gap-1472560995 {\n  padding-top: 150px;\n}\n@media (min-width:550px) {\n  #gap-1472560995 {\n    padding-top: 85px;\n  }\n}\n<\/style>\n\t<\/div>\n\t\n\t\t<\/div>\n\t\t\t\t\n<style>\n#col-392980429 > .col-inner {\n  padding: 0px 0px 0px 0px;\n}\n<\/style>\n\t<\/div>\n\n\t\n<\/div>\n\t\t<\/div>\n\n\t\t\n<style>\n#section_2125221673 {\n  padding-top: 0px;\n  padding-bottom: 0px;\n  background-color: rgb(255,255,255);\n}\n<\/style>\n\t<\/section>\n\t\n\n\t<section class=\"section\" id=\"section_905878350\">\n\t\t<div class=\"section-bg fill\" >\n\t\t\t\t\t\t\t\t\t\n\t\t\t\n\n\t\t<\/div>\n\n\t\t\n\n\t\t<div class=\"section-content relative\">\n\t\t\t\n\n  <div class=\"banner has-hover has-parallax\" id=\"banner-76447451\">\n          <div class=\"banner-inner fill\">\n        <div class=\"banner-bg fill\" data-parallax=\"-3\" data-parallax-container=\".banner\" data-parallax-background>\n            <img loading=\"lazy\" decoding=\"async\" width=\"1020\" height=\"680\" src=\"https:\/\/tmt.digitaldreamhomes.com\/wp-content\/uploads\/2025\/07\/2.-S102-2000x1334.jpg\" class=\"bg attachment-large size-large\" alt=\"Thailand Mountain Trail Hikking Trails, Trekking Trips, &amp; Running Tours Thailand 2. S102\" \/>                                    \n                    <\/div>\n\t\t\n        <div class=\"banner-layers container\">\n            <div class=\"fill banner-link\"><\/div>            \n   <div id=\"text-box-587856285\" class=\"text-box banner-layer x50 md-x50 lg-x50 y50 md-y50 lg-y50 res-text\">\n                                <div class=\"text-box-content text dark\">\n              \n              <div class=\"text-inner text-center\">\n                  \n              <\/div>\n           <\/div>\n                            \n<style>\n#text-box-587856285 {\n  width: 60%;\n}\n#text-box-587856285 .text-box-content {\n  font-size: 100%;\n}\n<\/style>\n    <\/div>\n \n        <\/div>\n      <\/div>\n\n            \n<style>\n#banner-76447451 {\n  padding-top: 99.99%;\n  background-color: rgb(255,255,255);\n}\n#banner-76447451 .banner-bg img {\n  object-position: 52% 0%;\n}\n@media (min-width:550px) {\n  #banner-76447451 {\n    padding-top: 85vh;\n  }\n}\n<\/style>\n  <\/div>\n\n\n\t\t<\/div>\n\n\t\t\n<style>\n#section_905878350 {\n  padding-top: 0px;\n  padding-bottom: 0px;\n}\n<\/style>\n\t<\/section>\n\t\n\n\t<section class=\"section\" id=\"section_1115187887\">\n\t\t<div class=\"section-bg fill\" >\n\t\t\t\t\t\t\t\t\t\n\t\t\t\n\n\t\t<\/div>\n\n\t\t\n\n\t\t<div class=\"section-content relative\">\n\t\t\t\n<div class=\"row align-center\"  id=\"row-390682300\">\n\n\t<div id=\"col-162882144\" class=\"col medium-11 small-12 large-11\"  >\n\t\t\t\t<div class=\"col-inner text-center\"  >\n\t\t\t\n\t\t\t\n\t<div id=\"gap-974665253\" class=\"gap-element clearfix\" style=\"display:block; height:auto;\">\n\t\t\n<style>\n#gap-974665253 {\n  padding-top: 65px;\n}\n@media (min-width:550px) {\n  #gap-974665253 {\n    padding-top: 85px;\n  }\n}\n<\/style>\n\t<\/div>\n\t\n\t<div id=\"text-3067166276\" class=\"text text-ics\">\n\t\t\n<p><span style=\"font-size: 140%;\">Die geplante Route w\u00fcrde uns durch die h\u00f6chsten Berge Thailands f\u00fchren und die entlegensten Stammesgebiete erreichen lassen. Im Laufe des letzten Jahrhunderts hatten diese Bergv\u00f6lker, die aus China und Burma eingewandert waren, zahlreiche Pfade angelegt. Sie dienten dazu, die verschiedenen D\u00f6rfer und Anbaugebiete miteinander zu verbinden. Um diese Pfade zu entdecken und wiederherzustellen, gab es nur einen Weg: den Kontakt zu den verschiedenen Minderheiten zu suchen und auf ihre Kooperation zu hoffen.<\/span><\/p>\n\t\t\t<\/div>\n\t\n\t<div id=\"gap-251621838\" class=\"gap-element clearfix\" style=\"display:block; height:auto;\">\n\t\t\n<style>\n#gap-251621838 {\n  padding-top: 65px;\n}\n@media (min-width:550px) {\n  #gap-251621838 {\n    padding-top: 85px;\n  }\n}\n<\/style>\n\t<\/div>\n\t\n\t\t<\/div>\n\t\t\t\t\n<style>\n#col-162882144 > .col-inner {\n  padding: 0px 0px 0px 0px;\n}\n<\/style>\n\t<\/div>\n\n\t\n<\/div>\n\t\t<\/div>\n\n\t\t\n<style>\n#section_1115187887 {\n  padding-top: 0px;\n  padding-bottom: 0px;\n  background-color: rgb(255,255,255);\n}\n@media (min-width:550px) {\n  #section_1115187887 {\n    padding-top: 0px;\n    padding-bottom: 0px;\n  }\n}\n<\/style>\n\t<\/section>\n\t\n\n\t<section class=\"section\" id=\"section_945618715\">\n\t\t<div class=\"section-bg fill\" >\n\t\t\t\t\t\t\t\t\t\n\t\t\t\n\n\t\t<\/div>\n\n\t\t\n\n\t\t<div class=\"section-content relative\">\n\t\t\t\n\n  <div class=\"banner has-hover has-parallax\" id=\"banner-617254082\">\n          <div class=\"banner-inner fill\">\n        <div class=\"banner-bg fill\" data-parallax=\"-3\" data-parallax-container=\".banner\" data-parallax-background>\n            <img loading=\"lazy\" decoding=\"async\" width=\"1020\" height=\"680\" src=\"https:\/\/tmt.digitaldreamhomes.com\/wp-content\/uploads\/2025\/07\/3.-A2-Local-people-2000x1333.jpg\" class=\"bg attachment-large size-large\" alt=\"Thailand Mountain Trail Hikking Trails, Trekking Trips, &amp; Running Tours Thailand 3. A2 Local People\" \/>                                    \n                    <\/div>\n\t\t\n        <div class=\"banner-layers container\">\n            <div class=\"fill banner-link\"><\/div>            \n   <div id=\"text-box-776929663\" class=\"text-box banner-layer x50 md-x50 lg-x50 y50 md-y50 lg-y50 res-text\">\n                                <div class=\"text-box-content text dark\">\n              \n              <div class=\"text-inner text-center\">\n                  \n              <\/div>\n           <\/div>\n                            \n<style>\n#text-box-776929663 {\n  width: 60%;\n}\n#text-box-776929663 .text-box-content {\n  font-size: 100%;\n}\n<\/style>\n    <\/div>\n \n        <\/div>\n      <\/div>\n\n            \n<style>\n#banner-617254082 {\n  padding-top: 99.99%;\n  background-color: rgb(255,255,255);\n}\n#banner-617254082 .banner-bg img {\n  object-position: 48% 0%;\n}\n@media (min-width:550px) {\n  #banner-617254082 {\n    padding-top: 85vh;\n  }\n}\n<\/style>\n  <\/div>\n\n\n\t\t<\/div>\n\n\t\t\n<style>\n#section_945618715 {\n  padding-top: 0px;\n  padding-bottom: 0px;\n}\n<\/style>\n\t<\/section>\n\t\n\n\t<section class=\"section\" id=\"section_1210213964\">\n\t\t<div class=\"section-bg fill\" >\n\t\t\t\t\t\t\t\t\t\n\t\t\t\n\n\t\t<\/div>\n\n\t\t\n\n\t\t<div class=\"section-content relative\">\n\t\t\t\n<div class=\"row align-center\"  id=\"row-754026223\">\n\n\t<div id=\"col-1488944669\" class=\"col medium-11 small-12 large-11\"  >\n\t\t\t\t<div class=\"col-inner text-center\"  >\n\t\t\t\n\t\t\t\n\t<div id=\"gap-1572535002\" class=\"gap-element clearfix\" style=\"display:block; height:auto;\">\n\t\t\n<style>\n#gap-1572535002 {\n  padding-top: 65px;\n}\n@media (min-width:550px) {\n  #gap-1572535002 {\n    padding-top: 85px;\n  }\n}\n<\/style>\n\t<\/div>\n\t\n\t<div id=\"text-2020036882\" class=\"text text-ics\">\n\t\t\n<p><span style=\"font-size: 140%;\">Ein Jahr lang reisten wir, zun\u00e4chst mit Hilfe eines Dolmetschers und sp\u00e4ter auf eigene Faust, durch Bergd\u00f6rfer, um das Projekt vorzustellen, Kontakte zu kn\u00fcpfen, Vertrauen aufzubauen und schlie\u00dflich Menschen zu finden, die uns diese alten Pfade zeigen konnten. Nachdem wir Hunderte von Kilometern alter Wege erkundet hatten, verbanden wir sie schlie\u00dflich Schritt f\u00fcr Schritt zu mehreren Tageswanderungen und dem Fernwanderweg TMT.1. Zur Einweihung und zum Abschluss dieses Projekts beschlossen wir, die gesamte Strecke im November 2013 erstmals mit einem internationalen Team von f\u00fcnf L\u00e4ufern zu begehen.<\/span><\/p>\n\t\t\t<\/div>\n\t\n\t<div id=\"gap-23330436\" class=\"gap-element clearfix\" style=\"display:block; height:auto;\">\n\t\t\n<style>\n#gap-23330436 {\n  padding-top: 65px;\n}\n@media (min-width:550px) {\n  #gap-23330436 {\n    padding-top: 85px;\n  }\n}\n<\/style>\n\t<\/div>\n\t\n\t\t<\/div>\n\t\t\t\t\n<style>\n#col-1488944669 > .col-inner {\n  padding: 0px 0px 0px 0px;\n}\n<\/style>\n\t<\/div>\n\n\t\n<\/div>\n\t\t<\/div>\n\n\t\t\n<style>\n#section_1210213964 {\n  padding-top: 0px;\n  padding-bottom: 0px;\n  background-color: rgb(255,255,255);\n}\n@media (min-width:550px) {\n  #section_1210213964 {\n    padding-top: 0px;\n    padding-bottom: 0px;\n  }\n}\n<\/style>\n\t<\/section>\n\t\n\n\t<section class=\"section\" id=\"section_1751280404\">\n\t\t<div class=\"section-bg fill\" >\n\t\t\t\t\t\t\t\t\t\n\t\t\t\n\n\t\t<\/div>\n\n\t\t\n\n\t\t<div class=\"section-content relative\">\n\t\t\t\n\n  <div class=\"banner has-hover has-parallax\" id=\"banner-567023241\">\n          <div class=\"banner-inner fill\">\n        <div class=\"banner-bg fill\" data-parallax=\"-3\" data-parallax-container=\".banner\" data-parallax-background>\n            <img loading=\"lazy\" decoding=\"async\" width=\"2560\" height=\"1707\" src=\"https:\/\/tmt.digitaldreamhomes.com\/wp-content\/uploads\/2025\/07\/4.-S205-scaled.jpg\" class=\"bg attachment-original size-original\" alt=\"Thailand Mountain Trail Hikking Trails, Trekking Trips, &amp; Running Tours Thailand 4. S205\" \/>                                    \n                    <\/div>\n\t\t\n        <div class=\"banner-layers container\">\n            <div class=\"fill banner-link\"><\/div>            \n        <\/div>\n      <\/div>\n\n            \n<style>\n#banner-567023241 {\n  padding-top: 99.99%;\n  background-color: rgb(255,255,255);\n}\n#banner-567023241 .banner-bg img {\n  object-position: 50% 69%;\n}\n@media (min-width:550px) {\n  #banner-567023241 {\n    padding-top: 85vh;\n  }\n}\n<\/style>\n  <\/div>\n\n\n\t\t<\/div>\n\n\t\t\n<style>\n#section_1751280404 {\n  padding-top: 0px;\n  padding-bottom: 0px;\n}\n<\/style>\n\t<\/section>\n\t\n\n\t<section class=\"section\" id=\"section_1133219164\">\n\t\t<div class=\"section-bg fill\" >\n\t\t\t\t\t\t\t\t\t\n\t\t\t\n\n\t\t<\/div>\n\n\t\t\n\n\t\t<div class=\"section-content relative\">\n\t\t\t\n<div class=\"row align-center\"  id=\"row-164058739\">\n\n\t<div id=\"col-1261034994\" class=\"col medium-11 small-12 large-11\"  >\n\t\t\t\t<div class=\"col-inner text-center\"  >\n\t\t\t\n\t\t\t\n\t<div id=\"gap-640708393\" class=\"gap-element clearfix\" style=\"display:block; height:auto;\">\n\t\t\n<style>\n#gap-640708393 {\n  padding-top: 65px;\n}\n@media (min-width:550px) {\n  #gap-640708393 {\n    padding-top: 85px;\n  }\n}\n<\/style>\n\t<\/div>\n\t\n\t<div id=\"text-1226851198\" class=\"text text-ics\">\n\t\t\n<p><span style=\"font-size: 140%;\">Die Agentur Thailand Mountain Trail entstand direkt im Anschluss an dieses Abenteuer. Wir wollten unsere Leidenschaft f\u00fcr Natur, Trekking und Trailrunning teilen und diese Bergregionen so vielen Menschen wie m\u00f6glich n\u00e4herbringen. Zahlreiche Wanderer und Trailrunner kontaktierten uns, die diese Wege zum ersten Mal erkunden und die abgelegenen Berge und Gipfel entdecken wollten. Weitere Projekte und Veranstaltungen folgten, die es uns erm\u00f6glichten, unsere Beziehungen zur lokalen Bev\u00f6lkerung zu vertiefen.<\/span><\/p>\n\t\t\t<\/div>\n\t\n\t<div id=\"gap-1490345214\" class=\"gap-element clearfix\" style=\"display:block; height:auto;\">\n\t\t\n<style>\n#gap-1490345214 {\n  padding-top: 65px;\n}\n@media (min-width:550px) {\n  #gap-1490345214 {\n    padding-top: 85px;\n  }\n}\n<\/style>\n\t<\/div>\n\t\n\t\t<\/div>\n\t\t\t\t\n<style>\n#col-1261034994 > .col-inner {\n  padding: 0px 0px 0px 0px;\n}\n<\/style>\n\t<\/div>\n\n\t\n<\/div>\n\t\t<\/div>\n\n\t\t\n<style>\n#section_1133219164 {\n  padding-top: 0px;\n  padding-bottom: 0px;\n  background-color: rgb(255,255,255);\n}\n@media (min-width:550px) {\n  #section_1133219164 {\n    padding-top: 0px;\n    padding-bottom: 0px;\n  }\n}\n<\/style>\n\t<\/section>\n\t\n\n\t<section class=\"section\" id=\"section_954670838\">\n\t\t<div class=\"section-bg fill\" >\n\t\t\t\t\t\t\t\t\t\n\t\t\t\n\n\t\t<\/div>\n\n\t\t\n\n\t\t<div class=\"section-content relative\">\n\t\t\t\n\n  <div class=\"banner has-hover has-parallax\" id=\"banner-901623696\">\n          <div class=\"banner-inner fill\">\n        <div class=\"banner-bg fill\" data-parallax=\"-3\" data-parallax-container=\".banner\" data-parallax-background>\n            <img loading=\"lazy\" decoding=\"async\" width=\"2560\" height=\"1709\" src=\"https:\/\/tmt.digitaldreamhomes.com\/wp-content\/uploads\/2025\/07\/5.-DSC_9872-scaled.jpg\" class=\"bg attachment-original size-original\" alt=\"Thailand Mountain Trail Hikking Trails, Trekking Trips, &amp; Running Tours Thailand 5. Dsc 9872\" \/>                                    \n                    <\/div>\n\t\t\n        <div class=\"banner-layers container\">\n            <div class=\"fill banner-link\"><\/div>            \n        <\/div>\n      <\/div>\n\n            \n<style>\n#banner-901623696 {\n  padding-top: 99.99%;\n  background-color: rgb(255,255,255);\n}\n#banner-901623696 .banner-bg img {\n  object-position: 57% 26%;\n}\n@media (min-width:550px) {\n  #banner-901623696 {\n    padding-top: 85vh;\n  }\n}\n<\/style>\n  <\/div>\n\n\n\t\t<\/div>\n\n\t\t\n<style>\n#section_954670838 {\n  padding-top: 0px;\n  padding-bottom: 0px;\n}\n<\/style>\n\t<\/section>\n\t\n\n\t<section class=\"section\" id=\"section_1990420849\">\n\t\t<div class=\"section-bg fill\" >\n\t\t\t\t\t\t\t\t\t\n\t\t\t\n\n\t\t<\/div>\n\n\t\t\n\n\t\t<div class=\"section-content relative\">\n\t\t\t\n<div class=\"row align-center\"  id=\"row-2047597800\">\n\n\t<div id=\"col-385906327\" class=\"col medium-11 small-12 large-11\"  >\n\t\t\t\t<div class=\"col-inner text-center\"  >\n\t\t\t\n\t\t\t\n\t<div id=\"gap-1443944850\" class=\"gap-element clearfix\" style=\"display:block; height:auto;\">\n\t\t\n<style>\n#gap-1443944850 {\n  padding-top: 65px;\n}\n@media (min-width:550px) {\n  #gap-1443944850 {\n    padding-top: 85px;\n  }\n}\n<\/style>\n\t<\/div>\n\t\n\t<div id=\"text-2411339297\" class=\"text text-ics\">\n\t\t\n<p><span style=\"font-size: 140%;\">Unsere Agentur besteht seit \u00fcber 10 Jahren und ist nach wie vor der f\u00fchrende Anbieter von Wander- und Trailrunning-Erlebnissen in Thailand. Wir kennen Hunderte Kilometer Wanderwege und Dutzende von Bergregionen. In enger Zusammenarbeit mit lokalen Gemeinschaften haben wir in wundersch\u00f6nen, uns unbekannten D\u00f6rfern hochwertige Unterk\u00fcnfte errichtet. Wir haben zahlreiche bekannte Veranstaltungen organisiert und mit ihnen zusammengearbeitet, um das Wandern und Trailrunning rund um Chiang Mai weiterzuentwickeln. Unser Ziel ist es nun, diesen Weg fortzusetzen und innerhalb der n\u00e4chsten drei Jahre zwei weitere Fernwanderwege (TMT 2 und TMT 3) ab Chiang Mai zu er\u00f6ffnen.<\/span><\/p>\n\t\t\t<\/div>\n\t\n\t<div id=\"gap-1978449141\" class=\"gap-element clearfix\" style=\"display:block; height:auto;\">\n\t\t\n<style>\n#gap-1978449141 {\n  padding-top: 65px;\n}\n@media (min-width:550px) {\n  #gap-1978449141 {\n    padding-top: 85px;\n  }\n}\n<\/style>\n\t<\/div>\n\t\n\t\t<\/div>\n\t\t\t\t\n<style>\n#col-385906327 > .col-inner {\n  padding: 0px 0px 0px 0px;\n}\n<\/style>\n\t<\/div>\n\n\t\n<\/div>\n\t\t<\/div>\n\n\t\t\n<style>\n#section_1990420849 {\n  padding-top: 0px;\n  padding-bottom: 0px;\n  background-color: rgb(255,255,255);\n}\n@media (min-width:550px) {\n  #section_1990420849 {\n    padding-top: 0px;\n    padding-bottom: 0px;\n  }\n}\n<\/style>\n\t<\/section>\n\t\n\n\t<section class=\"section\" id=\"section_413765320\">\n\t\t<div class=\"section-bg fill\" >\n\t\t\t\t\t\t\t\t\t\n\t\t\t\n\n\t\t<\/div>\n\n\t\t\n\n\t\t<div class=\"section-content relative\">\n\t\t\t\n\n  <div class=\"banner has-hover has-parallax\" id=\"banner-252342676\">\n          <div class=\"banner-inner fill\">\n        <div class=\"banner-bg fill\" data-parallax=\"-3\" data-parallax-container=\".banner\" data-parallax-background>\n            <img loading=\"lazy\" decoding=\"async\" width=\"2560\" height=\"1707\" src=\"https:\/\/tmt.digitaldreamhomes.com\/wp-content\/uploads\/2025\/07\/6.-Thailand-Moution-Trail-467-scaled.jpg\" class=\"bg attachment-original size-original\" alt=\"Thailand Mountain Trail Hikking Trails, Trekking Trips, &amp; Running Tours Thailand Screenshot\" \/>                                    \n                    <\/div>\n\t\t\n        <div class=\"banner-layers container\">\n            <div class=\"fill banner-link\"><\/div>            \n        <\/div>\n      <\/div>\n\n            \n<style>\n#banner-252342676 {\n  padding-top: 99.99%;\n  background-color: rgb(255,255,255);\n}\n#banner-252342676 .banner-bg img {\n  object-position: 46% 51%;\n}\n@media (min-width:550px) {\n  #banner-252342676 {\n    padding-top: 85vh;\n  }\n}\n<\/style>\n  <\/div>\n\n\n\t\t<\/div>\n\n\t\t\n<style>\n#section_413765320 {\n  padding-top: 0px;\n  padding-bottom: 0px;\n}\n<\/style>\n\t<\/section>\n\t\n","protected":false},"excerpt":{"rendered":"","protected":false},"author":2,"featured_media":0,"parent":0,"menu_order":0,"comment_status":"closed","ping_status":"closed","template":"page-transparent-header-light.php","meta":{"_acf_changed":false,"inline_featured_image":false,"footnotes":""},"class_list":["post-5938","page","type-page","status-publish","hentry"],"acf":[],"_hostinger_reach_plugin_has_subscription_block":false,"_hostinger_reach_plugin_is_elementor":false,"_links":{"self":[{"href":"https:\/\/tmt.digitaldreamhomes.com\/de\/wp-json\/wp\/v2\/pages\/5938","targetHints":{"allow":["GET"]}}],"collection":[{"href":"https:\/\/tmt.digitaldreamhomes.com\/de\/wp-json\/wp\/v2\/pages"}],"about":[{"href":"https:\/\/tmt.digitaldreamhomes.com\/de\/wp-json\/wp\/v2\/types\/page"}],"author":[{"embeddable":true,"href":"https:\/\/tmt.digitaldreamhomes.com\/de\/wp-json\/wp\/v2\/users\/2"}],"replies":[{"embeddable":true,"href":"https:\/\/tmt.digitaldreamhomes.com\/de\/wp-json\/wp\/v2\/comments?post=5938"}],"version-history":[{"count":6,"href":"https:\/\/tmt.digitaldreamhomes.com\/de\/wp-json\/wp\/v2\/pages\/5938\/revisions"}],"predecessor-version":[{"id":6775,"href":"https:\/\/tmt.digitaldreamhomes.com\/de\/wp-json\/wp\/v2\/pages\/5938\/revisions\/6775"}],"wp:attachment":[{"href":"https:\/\/tmt.digitaldreamhomes.com\/de\/wp-json\/wp\/v2\/media?parent=5938"}],"curies":[{"name":"wp","href":"https:\/\/api.w.org\/{rel}","templated":true}]}}