{"id":5550,"date":"2025-10-08T01:23:12","date_gmt":"2025-10-07T14:23:12","guid":{"rendered":"https:\/\/tmt.digitaldreamhomes.com\/?page_id=5550"},"modified":"2026-02-09T00:05:44","modified_gmt":"2026-02-08T13:05:44","slug":"courses-et-evenements","status":"publish","type":"page","link":"https:\/\/tmt.digitaldreamhomes.com\/fr\/courses-et-evenements\/","title":{"rendered":"Courses Et Evenements"},"content":{"rendered":"\n\t<section class=\"section header-section-ics dark\" id=\"section_448379898\">\n\t\t<div class=\"section-bg fill\" >\n\t\t\t<img loading=\"lazy\" decoding=\"async\" width=\"1920\" height=\"1024\" src=\"https:\/\/tmt.digitaldreamhomes.com\/wp-content\/uploads\/2024\/09\/1Mg0IVFW39gVfBeQB6oFvmAQkaBnWx4s.jpg\" class=\"bg attachment-original size-original\" alt=\"\" \/>\t\t\t\t\t\t<div class=\"section-bg-overlay absolute fill\"><\/div>\n\t\t\t\n\n\t\t<\/div>\n\n\t\t\n\n\t\t<div class=\"section-content relative\">\n\t\t\t\n<div class=\"row row-collapse row-full-width\"  id=\"row-1134620535\">\n\n\t<div id=\"col-1539046124\" class=\"col small-12 large-12\"  >\n\t\t\t\t<div class=\"col-inner\"  >\n\t\t\t\n\t\t\t\n\n  <div class=\"banner has-hover\" id=\"banner-1958543288\">\n          <div class=\"banner-inner fill\">\n        <div class=\"banner-bg fill\" >\n            <img loading=\"lazy\" decoding=\"async\" width=\"1282\" height=\"721\" src=\"https:\/\/tmt.digitaldreamhomes.com\/wp-content\/uploads\/2025\/07\/1.-20.08.21-IG-TMT-5.jpg\" class=\"bg attachment-original size-original\" alt=\"\" \/>                                    \n                    <\/div>\n\t\t\n        <div class=\"banner-layers container\">\n            <div class=\"fill banner-link\"><\/div>            \n   <div id=\"text-box-890243903\" class=\"text-box banner-layer x50 md-x50 lg-x50 y95 md-y80 lg-y80 res-text\">\n                                <div class=\"text-box-content text dark\">\n              \n              <div class=\"text-inner text-center\">\n                  \n\t<div id=\"text-2950912271\" class=\"text h1-ics2026\">\n\t\t\n<h1>COURSES &#038; EVENEMENTS<\/h1>\n\t\t\t<\/div>\n\t\n\t<div id=\"gap-133831511\" class=\"gap-element clearfix\" style=\"display:block; height:auto;\">\n\t\t\n<style>\n#gap-133831511 {\n  padding-top: 1px;\n}\n<\/style>\n\t<\/div>\n\t\n\t<div id=\"text-237647942\" class=\"text subtitle-ics2026\">\n\t\t\n<p>CHIANG MAI<\/p>\n\t\t\t<\/div>\n\t\n\t\t<div class=\"icon-ics2026\">\n\t\t\t\t\n\t\t<\/div>\n\t\n              <\/div>\n           <\/div>\n                            \n<style>\n#text-box-890243903 {\n  width: 95%;\n}\n#text-box-890243903 .text-box-content {\n  font-size: 65%;\n}\n@media (min-width:550px) {\n  #text-box-890243903 {\n    width: 95%;\n  }\n  #text-box-890243903 .text-box-content {\n    font-size: 100%;\n  }\n}\n<\/style>\n    <\/div>\n \n   <div id=\"text-box-305429978\" class=\"text-box banner-layer x50 md-x50 lg-x50 y100 md-y100 lg-y100 res-text\">\n                                <div class=\"text-box-content text dark\">\n              \n              <div class=\"text-inner text-center\">\n                  \n<div class=\"row row-collapse row-full-width\"  id=\"row-857804113\">\n\n\t<div id=\"col-510789190\" class=\"col small-12 large-12\"  >\n\t\t\t\t<div class=\"col-inner\"  >\n\t\t\t\n\t\t\t\n<div class=\"custom-white-divider-ics\"><svg xmlns=\"http:\/\/www.w3.org\/2000\/svg\" viewBox=\"0 0 1440 150\" preserveAspectRatio=\"none\"><defs><linearGradient id=\"WhiteGradient\" x1=\"0%\" y1=\"0%\" x2=\"100%\" y2=\"0%\"><stop offset=\"0%\" stop-color=\"#ffff\"\/><stop offset=\"100%\" stop-color=\"#ffff\"\/><\/linearGradient><\/defs><path fill=\"url(#WhiteGradient)\" d=\"M0,150L1440,50V150H0Z\"\/><\/svg><\/div>\n\t\t<\/div>\n\t\t\t\t\n<style>\n#col-510789190 > .col-inner {\n  margin: 0px 0px -6px 0px;\n}\n@media (min-width:550px) {\n  #col-510789190 > .col-inner {\n    margin: 0px 0px -8px 0px;\n  }\n}\n<\/style>\n\t<\/div>\n\n\t\n<\/div>\n              <\/div>\n           <\/div>\n                            \n<style>\n#text-box-305429978 {\n  width: 100%;\n}\n#text-box-305429978 .text-box-content {\n  font-size: 100%;\n}\n@media (min-width:550px) {\n  #text-box-305429978 {\n    width: 100%;\n  }\n}\n<\/style>\n    <\/div>\n \n        <\/div>\n      <\/div>\n\n            \n<style>\n#banner-1958543288 {\n  padding-top: 105vh;\n  background-color: rgb(194, 200, 192);\n}\n#banner-1958543288 .banner-bg img {\n  object-position: 54% 60%;\n}\n@media (min-width:550px) {\n  #banner-1958543288 {\n    padding-top: 115vh;\n  }\n}\n<\/style>\n  <\/div>\n\n\n\t\t<\/div>\n\t\t\t\t\n<style>\n#col-1539046124 > .col-inner {\n  margin: 0px 0px 0px 0px;\n}\n@media (min-width:550px) {\n  #col-1539046124 > .col-inner {\n    margin: 0px 0px -7px 0px;\n  }\n}\n<\/style>\n\t<\/div>\n\n\t\n<\/div>\n\t\t<\/div>\n\n\t\t\n<style>\n#section_448379898 {\n  padding-top: 0px;\n  padding-bottom: 0px;\n}\n#section_448379898 .section-bg-overlay {\n  background-color: rgba(0, 0, 0, 0.099);\n}\n#section_448379898 .section-bg img {\n  object-position: 44% 43%;\n}\n<\/style>\n\t<\/section>\n\t\n\n\t<section class=\"section\" id=\"section_2064050292\">\n\t\t<div class=\"section-bg fill\" >\n\t\t\t\t\t\t\t\t\t\n\t\t\t\n\n\t\t<\/div>\n\n\t\t\n\n\t\t<div class=\"section-content relative\">\n\t\t\t\n<div class=\"row align-center\"  id=\"row-125542626\">\n\n\t<div id=\"col-849252882\" class=\"col medium-11 small-12 large-11\"  >\n\t\t\t\t<div class=\"col-inner text-center\"  >\n\t\t\t\n\t\t\t\n\t<div id=\"gap-365108030\" class=\"gap-element clearfix\" style=\"display:block; height:auto;\">\n\t\t\n<style>\n#gap-365108030 {\n  padding-top: 65px;\n}\n@media (min-width:550px) {\n  #gap-365108030 {\n    padding-top: 85px;\n  }\n}\n<\/style>\n\t<\/div>\n\t\n\t<div id=\"text-2876456613\" class=\"text text-ics\">\n\t\t\n<p><span style=\"font-size: 140%;\"><a href=\"https:\/\/www.facebook.com\/Thailand.Mountain.Trail\">Chiang Mai Running Retreat<\/a> est l&rsquo;un de nos running camps annuels. Il est g\u00e9n\u00e9ralement organis\u00e9 en juin-juillet, au d\u00e9but de la saison des pluies, lorsque les conditions sont propices au trail. Il se d\u00e9roule autour de Chiang Mai, dans les plus hautes r\u00e9gions montagneuses du pays. Sur 3 jours de trail, c&rsquo;est une occasion unique de d\u00e9couvrir pour la premi\u00e8re fois de nouvelles zones de trail red\u00e9couvertes et rendues accessibles en exclusivit\u00e9 par TMT. Des groupes de diff\u00e9rents niveaux sont organis\u00e9s et encadr\u00e9s par des guides locaux ; les nuit\u00e9es se d\u00e9roulent dans des resorts*** et des villages de montagne offrant des conditions de r\u00e9cup\u00e9ration optimales.<\/span><\/p>\n\t\t\t<\/div>\n\t\n\t<div id=\"gap-187264844\" class=\"gap-element clearfix\" style=\"display:block; height:auto;\">\n\t\t\n<style>\n#gap-187264844 {\n  padding-top: 65px;\n}\n@media (min-width:550px) {\n  #gap-187264844 {\n    padding-top: 85px;\n  }\n}\n<\/style>\n\t<\/div>\n\t\n\t\t<\/div>\n\t\t\t\t\n<style>\n#col-849252882 > .col-inner {\n  padding: 0px 0px 0px 0px;\n}\n<\/style>\n\t<\/div>\n\n\t\n<\/div>\n\t\t<\/div>\n\n\t\t\n<style>\n#section_2064050292 {\n  padding-top: 0px;\n  padding-bottom: 0px;\n  background-color: rgb(255,255,255);\n}\n<\/style>\n\t<\/section>\n\t\n\n\t<section class=\"section\" id=\"section_918211944\">\n\t\t<div class=\"section-bg fill\" >\n\t\t\t\t\t\t\t\t\t\n\t\t\t\n\n\t\t<\/div>\n\n\t\t\n\n\t\t<div class=\"section-content relative\">\n\t\t\t\n\n  <div class=\"banner has-hover\" id=\"banner-916833275\">\n          <div class=\"banner-inner fill\">\n        <div class=\"banner-bg fill\" >\n            <img loading=\"lazy\" decoding=\"async\" width=\"1020\" height=\"457\" src=\"https:\/\/tmt.digitaldreamhomes.com\/wp-content\/uploads\/2025\/07\/2.-CMR2-Visual.jpg\" class=\"bg attachment-large size-large\" alt=\"\" \/>                                    \n                    <\/div>\n\t\t\n        <div class=\"banner-layers container\">\n            <div class=\"fill banner-link\"><\/div>            \n   <div id=\"text-box-1095780398\" class=\"text-box banner-layer x50 md-x50 lg-x50 y50 md-y50 lg-y50 res-text\">\n                                <div class=\"text-box-content text dark\">\n              \n              <div class=\"text-inner text-center\">\n                  \n              <\/div>\n           <\/div>\n                            \n<style>\n#text-box-1095780398 {\n  width: 60%;\n}\n#text-box-1095780398 .text-box-content {\n  font-size: 100%;\n}\n<\/style>\n    <\/div>\n \n        <\/div>\n      <\/div>\n\n            \n<style>\n#banner-916833275 {\n  padding-top: 50%;\n  background-color: rgb(255,255,255);\n}\n@media (min-width:550px) {\n  #banner-916833275 {\n    padding-top: 50%;\n  }\n}\n<\/style>\n  <\/div>\n\n\n\t\t<\/div>\n\n\t\t\n<style>\n#section_918211944 {\n  padding-top: 0px;\n  padding-bottom: 0px;\n}\n<\/style>\n\t<\/section>\n\t\n\n\t<section class=\"section\" id=\"section_1392801698\">\n\t\t<div class=\"section-bg fill\" >\n\t\t\t\t\t\t\t\t\t\n\t\t\t\n\n\t\t<\/div>\n\n\t\t\n\n\t\t<div class=\"section-content relative\">\n\t\t\t\n<div class=\"row align-center\"  id=\"row-811734358\">\n\n\t<div id=\"col-394011528\" class=\"col medium-11 small-12 large-11\"  >\n\t\t\t\t<div class=\"col-inner text-center\"  >\n\t\t\t\n\t\t\t\n\t<div id=\"gap-1724570908\" class=\"gap-element clearfix\" style=\"display:block; height:auto;\">\n\t\t\n<style>\n#gap-1724570908 {\n  padding-top: 65px;\n}\n@media (min-width:550px) {\n  #gap-1724570908 {\n    padding-top: 85px;\n  }\n}\n<\/style>\n\t<\/div>\n\t\n\t<div id=\"text-2256684002\" class=\"text text-ics\">\n\t\t\n<p><span style=\"font-size: 140%;\">New Year Mountain Camp est un running camp de plusieurs jours organis\u00e9 chaque ann\u00e9e au moment du Nouvel An, sur 3, 4 ou 5 jours, pour des coureurs souhaitant passer des vacances sportives et saines de fin d&rsquo;ann\u00e9e. Cet \u00e9v\u00e9nement est adapt\u00e9 \u00e0 tous les niveaux de coureurs, afin que chacun puisse parcourir une distance quotidienne de 20 \u00e0 30 kilom\u00e8tres \u00e0 son rythme. Certaines nuits sont pass\u00e9es dans des complexes h\u00f4teliers et h\u00f4tels confortables ***, d\u2019autres nuits comme celle du Nouvel An se d\u00e9roulent g\u00e9n\u00e9ralement en montagne, dans des villages de minorites ethniques. NY Mountain Camp est vraiment l\u2019occasion de passer un Nouvel An inoubliable, sain et d\u00e9jant\u00e9 !<\/span><\/p>\n\t\t\t<\/div>\n\t\n\t<div id=\"gap-1783653762\" class=\"gap-element clearfix\" style=\"display:block; height:auto;\">\n\t\t\n<style>\n#gap-1783653762 {\n  padding-top: 65px;\n}\n@media (min-width:550px) {\n  #gap-1783653762 {\n    padding-top: 85px;\n  }\n}\n<\/style>\n\t<\/div>\n\t\n\t\t<\/div>\n\t\t\t\t\n<style>\n#col-394011528 > .col-inner {\n  padding: 0px 0px 0px 0px;\n}\n<\/style>\n\t<\/div>\n\n\t\n<\/div>\n\t\t<\/div>\n\n\t\t\n<style>\n#section_1392801698 {\n  padding-top: 0px;\n  padding-bottom: 0px;\n  background-color: rgb(255,255,255);\n}\n@media (min-width:550px) {\n  #section_1392801698 {\n    padding-top: 0px;\n    padding-bottom: 0px;\n  }\n}\n<\/style>\n\t<\/section>\n\t\n\n\t<section class=\"section\" id=\"section_1982595274\">\n\t\t<div class=\"section-bg fill\" >\n\t\t\t\t\t\t\t\t\t\n\t\t\t\n\n\t\t<\/div>\n\n\t\t\n\n\t\t<div class=\"section-content relative\">\n\t\t\t\n\n  <div class=\"banner has-hover\" id=\"banner-2047690198\">\n          <div class=\"banner-inner fill\">\n        <div class=\"banner-bg fill\" >\n            <img loading=\"lazy\" decoding=\"async\" width=\"1020\" height=\"457\" src=\"https:\/\/tmt.digitaldreamhomes.com\/wp-content\/uploads\/2025\/07\/3.-NYC-2020-Visual.png\" class=\"bg attachment-large size-large\" alt=\"\" \/>                                    \n                    <\/div>\n\t\t\n        <div class=\"banner-layers container\">\n            <div class=\"fill banner-link\"><\/div>            \n   <div id=\"text-box-1191113550\" class=\"text-box banner-layer x50 md-x50 lg-x50 y50 md-y50 lg-y50 res-text\">\n                                <div class=\"text-box-content text dark\">\n              \n              <div class=\"text-inner text-center\">\n                  \n              <\/div>\n           <\/div>\n                            \n<style>\n#text-box-1191113550 {\n  width: 60%;\n}\n#text-box-1191113550 .text-box-content {\n  font-size: 100%;\n}\n<\/style>\n    <\/div>\n \n        <\/div>\n      <\/div>\n\n            \n<style>\n#banner-2047690198 {\n  padding-top: 50%;\n  background-color: rgb(255,255,255);\n}\n@media (min-width:550px) {\n  #banner-2047690198 {\n    padding-top: 50%;\n  }\n}\n<\/style>\n  <\/div>\n\n\n\t\t<\/div>\n\n\t\t\n<style>\n#section_1982595274 {\n  padding-top: 0px;\n  padding-bottom: 0px;\n}\n<\/style>\n\t<\/section>\n\t\n\n\t<section class=\"section\" id=\"section_37885863\">\n\t\t<div class=\"section-bg fill\" >\n\t\t\t\t\t\t\t\t\t\n\t\t\t\n\n\t\t<\/div>\n\n\t\t\n\n\t\t<div class=\"section-content relative\">\n\t\t\t\n<div class=\"row align-center\"  id=\"row-1443227733\">\n\n\t<div id=\"col-694184177\" class=\"col medium-11 small-12 large-11\"  >\n\t\t\t\t<div class=\"col-inner text-center\"  >\n\t\t\t\n\t\t\t\n\t<div id=\"gap-1797624449\" class=\"gap-element clearfix\" style=\"display:block; height:auto;\">\n\t\t\n<style>\n#gap-1797624449 {\n  padding-top: 65px;\n}\n@media (min-width:550px) {\n  #gap-1797624449 {\n    padding-top: 85px;\n  }\n}\n<\/style>\n\t<\/div>\n\t\n\t<div id=\"text-1641659260\" class=\"text text-ics\">\n\t\t\n<p><span style=\"font-size: 140%;\"><a href=\"https:\/\/utmb.world\/\">UTMB World Series<\/a> est la plus grande et la plus c\u00e9l\u00e8bre comp\u00e9tition de trail running au monde. Avec 60 courses \u00e0 travers la plan\u00e8te et une finale \u00e0 <a href=\"https:\/\/utmbmontblanc.com\/en\/home\">Chamonix Mont-Blanc, en France<\/a>, c&rsquo;est la r\u00e9f\u00e9rence pour les traileurs du monde entier. TMT repr\u00e9sente l&rsquo;UTMB en Tha\u00eflande et a \u00e9t\u00e9 s\u00e9lectionn\u00e9 par le minist\u00e8re des Sports et du Tourisme tha\u00eflandais ainsi que par l&rsquo;Autorit\u00e9 des Sports de Tha\u00eflande (SAT) pour les conseiller sur tous les aspects de l&rsquo;organisation de la course (parcours, \u00e9lites, participants, s\u00e9curit\u00e9, chronom\u00e9trage\u2026) pour l&rsquo;\u00e9dition tha\u00eflandaise qui a lieu \u00e0 <a href=\"https:\/\/chiangmai.utmb.world\/\">Chiang Mai<\/a>.<\/span><\/p>\n\t\t\t<\/div>\n\t\n\t<div id=\"gap-926637257\" class=\"gap-element clearfix\" style=\"display:block; height:auto;\">\n\t\t\n<style>\n#gap-926637257 {\n  padding-top: 65px;\n}\n@media (min-width:550px) {\n  #gap-926637257 {\n    padding-top: 85px;\n  }\n}\n<\/style>\n\t<\/div>\n\t\n\t\t<\/div>\n\t\t\t\t\n<style>\n#col-694184177 > .col-inner {\n  padding: 0px 0px 0px 0px;\n}\n<\/style>\n\t<\/div>\n\n\t\n<\/div>\n\t\t<\/div>\n\n\t\t\n<style>\n#section_37885863 {\n  padding-top: 0px;\n  padding-bottom: 0px;\n  background-color: rgb(255,255,255);\n}\n@media (min-width:550px) {\n  #section_37885863 {\n    padding-top: 0px;\n    padding-bottom: 0px;\n  }\n}\n<\/style>\n\t<\/section>\n\t\n\n\t<section class=\"section\" id=\"section_1423198747\">\n\t\t<div class=\"section-bg fill\" >\n\t\t\t\t\t\t\t\t\t\n\t\t\t\n\n\t\t<\/div>\n\n\t\t\n\n\t\t<div class=\"section-content relative\">\n\t\t\t\n\n  <div class=\"banner has-hover has-parallax\" id=\"banner-745229761\">\n          <div class=\"banner-inner fill\">\n        <div class=\"banner-bg fill\" data-parallax=\"-2\" data-parallax-container=\".banner\" data-parallax-background>\n            <img loading=\"lazy\" decoding=\"async\" width=\"1920\" height=\"859\" src=\"https:\/\/tmt.digitaldreamhomes.com\/wp-content\/uploads\/2025\/07\/4.-cm-utmb.jpg\" class=\"bg attachment-original size-original\" alt=\"\" \/>                                    \n                    <\/div>\n\t\t\n        <div class=\"banner-layers container\">\n            <div class=\"fill banner-link\"><\/div>            \n        <\/div>\n      <\/div>\n\n            \n<style>\n#banner-745229761 {\n  padding-top: 50%;\n  background-color: rgb(255,255,255);\n}\n#banner-745229761 .banner-bg img {\n  object-position: 89% 62%;\n}\n@media (min-width:550px) {\n  #banner-745229761 {\n    padding-top: 50%;\n  }\n}\n<\/style>\n  <\/div>\n\n\n\t\t<\/div>\n\n\t\t\n<style>\n#section_1423198747 {\n  padding-top: 0px;\n  padding-bottom: 0px;\n}\n<\/style>\n\t<\/section>\n\t\n\n\t<section class=\"section\" id=\"section_690529642\">\n\t\t<div class=\"section-bg fill\" >\n\t\t\t\t\t\t\t\t\t\n\t\t\t\n\n\t\t<\/div>\n\n\t\t\n\n\t\t<div class=\"section-content relative\">\n\t\t\t\n<div class=\"row align-center\"  id=\"row-1463353361\">\n\n\t<div id=\"col-83172447\" class=\"col medium-11 small-12 large-11\"  >\n\t\t\t\t<div class=\"col-inner text-center\"  >\n\t\t\t\n\t\t\t\n\t<div id=\"gap-376551186\" class=\"gap-element clearfix\" style=\"display:block; height:auto;\">\n\t\t\n<style>\n#gap-376551186 {\n  padding-top: 65px;\n}\n@media (min-width:550px) {\n  #gap-376551186 {\n    padding-top: 85px;\n  }\n}\n<\/style>\n\t<\/div>\n\t\n\t<div id=\"text-4079778318\" class=\"text text-ics\">\n\t\t\n<p><span style=\"font-size: 140%;\"><a href=\"http:\/\/www.queen-jungle.com\">Queen of the Jungle<\/a>\u00a0est une aventure de trail running unique. Il s&rsquo;agit d&rsquo;une course \u00e0 \u00e9tapes de trois jours, par \u00e9quipes de deux, d\u00e9di\u00e9e aux coureuses uniquement. Le parcours traverse jungle, rizi\u00e8res et montagnes verdoyantes, dans les r\u00e9gions les plus sauvages du pays. Les \u00e9tapes et les nuit\u00e9es sont organis\u00e9es dans des villages de tribus montagnardes tout le long du parcours. L&rsquo;objectif principal de la course est de parcourir la distance compl\u00e8te en trois jours (140km et plus de 8\u2019400m) et de collecter des fonds pour le projet \u00ab Sport for Kids \u00bb d\u00e9di\u00e9 aux enfants des tribus. L&rsquo;\u00e9v\u00e9nement est actuellement suspendu en attendant l&rsquo;autorisation n\u00e9cessaire \u00e0 la prochaine \u00e9dition.<\/span><\/p>\n\t\t\t<\/div>\n\t\n\t<div id=\"gap-1545742473\" class=\"gap-element clearfix\" style=\"display:block; height:auto;\">\n\t\t\n<style>\n#gap-1545742473 {\n  padding-top: 65px;\n}\n@media (min-width:550px) {\n  #gap-1545742473 {\n    padding-top: 85px;\n  }\n}\n<\/style>\n\t<\/div>\n\t\n\t\t<\/div>\n\t\t\t\t\n<style>\n#col-83172447 > .col-inner {\n  padding: 0px 0px 0px 0px;\n}\n<\/style>\n\t<\/div>\n\n\t\n<\/div>\n\t\t<\/div>\n\n\t\t\n<style>\n#section_690529642 {\n  padding-top: 0px;\n  padding-bottom: 0px;\n  background-color: rgb(255,255,255);\n}\n@media (min-width:550px) {\n  #section_690529642 {\n    padding-top: 0px;\n    padding-bottom: 0px;\n  }\n}\n<\/style>\n\t<\/section>\n\t\n\n\t<section class=\"section\" id=\"section_1340010081\">\n\t\t<div class=\"section-bg fill\" >\n\t\t\t\t\t\t\t\t\t\n\t\t\t\n\n\t\t<\/div>\n\n\t\t\n\n\t\t<div class=\"section-content relative\">\n\t\t\t\n\n  <div class=\"banner has-hover\" id=\"banner-519251503\">\n          <div class=\"banner-inner fill\">\n        <div class=\"banner-bg fill\" >\n            <img loading=\"lazy\" decoding=\"async\" width=\"1920\" height=\"860\" src=\"https:\/\/tmt.digitaldreamhomes.com\/wp-content\/uploads\/2025\/07\/5.-UTCM-Visual.jpg\" class=\"bg attachment-original size-original\" alt=\"\" \/>                                    \n                    <\/div>\n\t\t\n        <div class=\"banner-layers container\">\n            <div class=\"fill banner-link\"><\/div>            \n        <\/div>\n      <\/div>\n\n            \n<style>\n#banner-519251503 {\n  padding-top: 45%;\n  background-color: rgb(255,255,255);\n}\n#banner-519251503 .banner-bg img {\n  object-position: 42% 0%;\n}\n<\/style>\n  <\/div>\n\n\n\t\t<\/div>\n\n\t\t\n<style>\n#section_1340010081 {\n  padding-top: 0px;\n  padding-bottom: 0px;\n}\n<\/style>\n\t<\/section>\n\t\n\n\t<section class=\"section\" id=\"section_211475866\">\n\t\t<div class=\"section-bg fill\" >\n\t\t\t\t\t\t\t\t\t\n\t\t\t\n\n\t\t<\/div>\n\n\t\t\n\n\t\t<div class=\"section-content relative\">\n\t\t\t\n<div class=\"row align-center\"  id=\"row-1754876485\">\n\n\t<div id=\"col-434078749\" class=\"col medium-11 small-12 large-11\"  >\n\t\t\t\t<div class=\"col-inner text-center\"  >\n\t\t\t\n\t\t\t\n\t<div id=\"gap-1213303221\" class=\"gap-element clearfix\" style=\"display:block; height:auto;\">\n\t\t\n<style>\n#gap-1213303221 {\n  padding-top: 65px;\n}\n@media (min-width:550px) {\n  #gap-1213303221 {\n    padding-top: 85px;\n  }\n}\n<\/style>\n\t<\/div>\n\t\n\t<div id=\"text-4271700379\" class=\"text text-ics\">\n\t\t\n<p><span style=\"font-size: 140%;\"><a href=\"http:\/\/www.ultra-thai.com\">Ultra Thai Chiang Mai<\/a> a \u00e9t\u00e9 le premier ultra trail de 100 miles jamais organis\u00e9 en Tha\u00eflande, et le deuxi\u00e8me en Asie juste apr\u00e8s <a href=\"https:\/\/mtfuji100.com\/en\/\">l&rsquo;Ultra Trail du Mont Fuji<\/a> au Japon. C&rsquo;\u00e9tait probablement l&rsquo;ultra trail le plus difficile d&rsquo;Asie du Sud-Est, avec des conditions montagneuses, techniques et sauvages, ainsi qu&rsquo;un temps chaud et humide. L&rsquo;objectif de la course \u00e9tait de parcourir l&rsquo;int\u00e9gralit\u00e9 du parcours TMT.1, le premier sentier de GR du pays cr\u00e9e par notre agence. En 2020, la course a \u00e9t\u00e9 remplac\u00e9e par la franchise UTMB Chiang Mai, dont notre agence est partenaire officiel.<\/span><\/p>\n\t\t\t<\/div>\n\t\n\t<div id=\"gap-1877354041\" class=\"gap-element clearfix\" style=\"display:block; height:auto;\">\n\t\t\n<style>\n#gap-1877354041 {\n  padding-top: 65px;\n}\n@media (min-width:550px) {\n  #gap-1877354041 {\n    padding-top: 85px;\n  }\n}\n<\/style>\n\t<\/div>\n\t\n\t\t<\/div>\n\t\t\t\t\n<style>\n#col-434078749 > .col-inner {\n  padding: 0px 0px 0px 0px;\n}\n<\/style>\n\t<\/div>\n\n\t\n<\/div>\n\t\t<\/div>\n\n\t\t\n<style>\n#section_211475866 {\n  padding-top: 0px;\n  padding-bottom: 0px;\n  background-color: rgb(255,255,255);\n}\n@media (min-width:550px) {\n  #section_211475866 {\n    padding-top: 0px;\n    padding-bottom: 0px;\n  }\n}\n<\/style>\n\t<\/section>\n\t\n\n\t<section class=\"section\" id=\"section_1268856841\">\n\t\t<div class=\"section-bg fill\" >\n\t\t\t\t\t\t\t\t\t\n\t\t\t\n\n\t\t<\/div>\n\n\t\t\n\n\t\t<div class=\"section-content relative\">\n\t\t\t\n\n  <div class=\"banner has-hover\" id=\"banner-1333010454\">\n          <div class=\"banner-inner fill\">\n        <div class=\"banner-bg fill\" >\n            <img loading=\"lazy\" decoding=\"async\" width=\"1920\" height=\"861\" src=\"https:\/\/tmt.digitaldreamhomes.com\/wp-content\/uploads\/2025\/07\/6.-QOJ-Visual.png\" class=\"bg attachment-original size-original\" alt=\"\" \/>                                    \n                    <\/div>\n\t\t\n        <div class=\"banner-layers container\">\n            <div class=\"fill banner-link\"><\/div>            \n        <\/div>\n      <\/div>\n\n            \n<style>\n#banner-1333010454 {\n  padding-top: 50%;\n  background-color: rgb(255,255,255);\n}\n#banner-1333010454 .banner-bg img {\n  object-position: 52% 86%;\n}\n@media (min-width:550px) {\n  #banner-1333010454 {\n    padding-top: 50%;\n  }\n}\n<\/style>\n  <\/div>\n\n\n\t\t<\/div>\n\n\t\t\n<style>\n#section_1268856841 {\n  padding-top: 0px;\n  padding-bottom: 0px;\n}\n<\/style>\n\t<\/section>\n\t\n","protected":false},"excerpt":{"rendered":"","protected":false},"author":2,"featured_media":0,"parent":0,"menu_order":0,"comment_status":"closed","ping_status":"closed","template":"page-transparent-header-light.php","meta":{"_acf_changed":false,"inline_featured_image":false,"footnotes":""},"class_list":["post-5550","page","type-page","status-publish","hentry"],"acf":[],"_links":{"self":[{"href":"https:\/\/tmt.digitaldreamhomes.com\/fr\/wp-json\/wp\/v2\/pages\/5550","targetHints":{"allow":["GET"]}}],"collection":[{"href":"https:\/\/tmt.digitaldreamhomes.com\/fr\/wp-json\/wp\/v2\/pages"}],"about":[{"href":"https:\/\/tmt.digitaldreamhomes.com\/fr\/wp-json\/wp\/v2\/types\/page"}],"author":[{"embeddable":true,"href":"https:\/\/tmt.digitaldreamhomes.com\/fr\/wp-json\/wp\/v2\/users\/2"}],"replies":[{"embeddable":true,"href":"https:\/\/tmt.digitaldreamhomes.com\/fr\/wp-json\/wp\/v2\/comments?post=5550"}],"version-history":[{"count":10,"href":"https:\/\/tmt.digitaldreamhomes.com\/fr\/wp-json\/wp\/v2\/pages\/5550\/revisions"}],"predecessor-version":[{"id":6723,"href":"https:\/\/tmt.digitaldreamhomes.com\/fr\/wp-json\/wp\/v2\/pages\/5550\/revisions\/6723"}],"wp:attachment":[{"href":"https:\/\/tmt.digitaldreamhomes.com\/fr\/wp-json\/wp\/v2\/media?parent=5550"}],"curies":[{"name":"wp","href":"https:\/\/api.w.org\/{rel}","templated":true}]}}