{"id":5640,"date":"2025-10-08T04:31:12","date_gmt":"2025-10-07T17:31:12","guid":{"rendered":"https:\/\/tmt.digitaldreamhomes.com\/?page_id=5640"},"modified":"2026-02-09T00:13:37","modified_gmt":"2026-02-08T13:13:37","slug":"notre-histoire","status":"publish","type":"page","link":"https:\/\/tmt.digitaldreamhomes.com\/fr\/notre-histoire\/","title":{"rendered":"Notre Histoire"},"content":{"rendered":"\n\t<section class=\"section header-section-ics dark\" id=\"section_749467284\">\n\t\t<div class=\"section-bg fill\" >\n\t\t\t<img loading=\"lazy\" decoding=\"async\" width=\"1920\" height=\"1024\" src=\"https:\/\/tmt.digitaldreamhomes.com\/wp-content\/uploads\/2024\/09\/1Mg0IVFW39gVfBeQB6oFvmAQkaBnWx4s.jpg\" class=\"bg attachment-original size-original\" alt=\"\" \/>\t\t\t\t\t\t<div class=\"section-bg-overlay absolute fill\"><\/div>\n\t\t\t\n\n\t\t<\/div>\n\n\t\t\n\n\t\t<div class=\"section-content relative\">\n\t\t\t\n<div class=\"row row-collapse row-full-width\"  id=\"row-685474263\">\n\n\t<div id=\"col-1275055718\" class=\"col small-12 large-12\"  >\n\t\t\t\t<div class=\"col-inner\"  >\n\t\t\t\n\t\t\t\n\n  <div class=\"banner has-hover\" id=\"banner-1000854573\">\n          <div class=\"banner-inner fill\">\n        <div class=\"banner-bg fill\" >\n            <img loading=\"lazy\" decoding=\"async\" width=\"2560\" height=\"1707\" src=\"https:\/\/tmt.digitaldreamhomes.com\/wp-content\/uploads\/2025\/07\/1.-VK-228-scaled.jpg\" class=\"bg attachment-original size-original\" alt=\"\" \/>                                    \n                    <\/div>\n\t\t\n        <div class=\"banner-layers container\">\n            <div class=\"fill banner-link\"><\/div>            \n   <div id=\"text-box-1063697905\" class=\"text-box banner-layer x50 md-x50 lg-x50 y95 md-y80 lg-y80 res-text\">\n                                <div class=\"text-box-content text dark\">\n              \n              <div class=\"text-inner text-center\">\n                  \n\t<div id=\"text-307974592\" class=\"text NOTRE HISTOIRE\">\n\t\t\n<h1>NOTRE HISTOIRE<\/h1>\n\t\t\t<\/div>\n\t\n\t<div id=\"gap-1272683303\" class=\"gap-element clearfix\" style=\"display:block; height:auto;\">\n\t\t\n<style>\n#gap-1272683303 {\n  padding-top: 1px;\n}\n<\/style>\n\t<\/div>\n\t\n\t<div id=\"text-3467628532\" class=\"text subtitle-ics2026\">\n\t\t\n<p>PIONNIER DU<br \/>TRAIL &#038; DU TREK<\/p>\n\t\t\t<\/div>\n\t\n\t\t<div class=\"icon-ics2026\">\n\t\t\t\t\n\t\t<\/div>\n\t\n              <\/div>\n           <\/div>\n                            \n<style>\n#text-box-1063697905 {\n  width: 95%;\n}\n#text-box-1063697905 .text-box-content {\n  font-size: 65%;\n}\n@media (min-width:550px) {\n  #text-box-1063697905 {\n    width: 95%;\n  }\n  #text-box-1063697905 .text-box-content {\n    font-size: 100%;\n  }\n}\n<\/style>\n    <\/div>\n \n   <div id=\"text-box-1412484412\" class=\"text-box banner-layer x50 md-x50 lg-x50 y100 md-y100 lg-y100 res-text\">\n                                <div class=\"text-box-content text dark\">\n              \n              <div class=\"text-inner text-center\">\n                  \n<div class=\"row row-collapse row-full-width\"  id=\"row-1973162473\">\n\n\t<div id=\"col-130664086\" class=\"col small-12 large-12\"  >\n\t\t\t\t<div class=\"col-inner\"  >\n\t\t\t\n\t\t\t\n<div class=\"custom-white-divider-ics\"><svg xmlns=\"http:\/\/www.w3.org\/2000\/svg\" viewBox=\"0 0 1440 150\" preserveAspectRatio=\"none\"><defs><linearGradient id=\"WhiteGradient\" x1=\"0%\" y1=\"0%\" x2=\"100%\" y2=\"0%\"><stop offset=\"0%\" stop-color=\"#ffff\"\/><stop offset=\"100%\" stop-color=\"#ffff\"\/><\/linearGradient><\/defs><path fill=\"url(#WhiteGradient)\" d=\"M0,150L1440,50V150H0Z\"\/><\/svg><\/div>\n\t\t<\/div>\n\t\t\t\t\n<style>\n#col-130664086 > .col-inner {\n  margin: 0px 0px -6px 0px;\n}\n@media (min-width:550px) {\n  #col-130664086 > .col-inner {\n    margin: 0px 0px -8px 0px;\n  }\n}\n<\/style>\n\t<\/div>\n\n\t\n<\/div>\n              <\/div>\n           <\/div>\n                            \n<style>\n#text-box-1412484412 {\n  width: 100%;\n}\n#text-box-1412484412 .text-box-content {\n  font-size: 100%;\n}\n@media (min-width:550px) {\n  #text-box-1412484412 {\n    width: 100%;\n  }\n}\n<\/style>\n    <\/div>\n \n        <\/div>\n      <\/div>\n\n            \n<style>\n#banner-1000854573 {\n  padding-top: 105vh;\n  background-color: rgb(194, 200, 192);\n}\n#banner-1000854573 .banner-bg img {\n  object-position: 54% 60%;\n}\n@media (min-width:550px) {\n  #banner-1000854573 {\n    padding-top: 115vh;\n  }\n}\n<\/style>\n  <\/div>\n\n\n\t\t<\/div>\n\t\t\t\t\n<style>\n#col-1275055718 > .col-inner {\n  margin: 0px 0px 0px 0px;\n}\n@media (min-width:550px) {\n  #col-1275055718 > .col-inner {\n    margin: 0px 0px -7px 0px;\n  }\n}\n<\/style>\n\t<\/div>\n\n\t\n<\/div>\n\t\t<\/div>\n\n\t\t\n<style>\n#section_749467284 {\n  padding-top: 0px;\n  padding-bottom: 0px;\n}\n#section_749467284 .section-bg-overlay {\n  background-color: rgba(0, 0, 0, 0.099);\n}\n#section_749467284 .section-bg img {\n  object-position: 44% 43%;\n}\n<\/style>\n\t<\/section>\n\t\n\n\t<section class=\"section\" id=\"section_1112671865\">\n\t\t<div class=\"section-bg fill\" >\n\t\t\t\t\t\t\t\t\t\n\t\t\t\n\n\t\t<\/div>\n\n\t\t\n\n\t\t<div class=\"section-content relative\">\n\t\t\t\n<div class=\"row align-center\"  id=\"row-191913959\">\n\n\t<div id=\"col-2095138552\" class=\"col medium-11 small-12 large-11\"  >\n\t\t\t\t<div class=\"col-inner text-center\"  >\n\t\t\t\n\t\t\t\n\t<div id=\"gap-123803453\" class=\"gap-element clearfix\" style=\"display:block; height:auto;\">\n\t\t\n<style>\n#gap-123803453 {\n  padding-top: 65px;\n}\n@media (min-width:550px) {\n  #gap-123803453 {\n    padding-top: 85px;\n  }\n}\n<\/style>\n\t<\/div>\n\t\n\t<div id=\"text-3137356813\" class=\"text text-ics\">\n\t\t\n<p><span style=\"font-size: 140%;\">Tout a commenc\u00e9 en 2012 par une id\u00e9e : ouvrir et courir le premier r\u00e9seau de sentiers de randonn\u00e9e longue distance de Tha\u00eflande. A l\u2019\u00e9poque, il n&rsquo;existait aucun sentier de grande randonn\u00e9e ou de course \u00e0 pied en Tha\u00eflande, et nous voulions \u00eatre les premiers \u00e0 en cr\u00e9er un. Passionn\u00e9s de nature et de trail, nous souhaitions nous \u00e9loigner des itin\u00e9raires touristiques classiques et cr\u00e9er nos propres itin\u00e9raires, explorer nos propres sentiers.<\/span><\/p>\n\t\t\t<\/div>\n\t\n\t<div id=\"gap-1434560443\" class=\"gap-element clearfix\" style=\"display:block; height:auto;\">\n\t\t\n<style>\n#gap-1434560443 {\n  padding-top: 150px;\n}\n@media (min-width:550px) {\n  #gap-1434560443 {\n    padding-top: 85px;\n  }\n}\n<\/style>\n\t<\/div>\n\t\n\t\t<\/div>\n\t\t\t\t\n<style>\n#col-2095138552 > .col-inner {\n  padding: 0px 0px 0px 0px;\n}\n<\/style>\n\t<\/div>\n\n\t\n<\/div>\n\t\t<\/div>\n\n\t\t\n<style>\n#section_1112671865 {\n  padding-top: 0px;\n  padding-bottom: 0px;\n  background-color: rgb(255,255,255);\n}\n<\/style>\n\t<\/section>\n\t\n\n\t<section class=\"section\" id=\"section_981979976\">\n\t\t<div class=\"section-bg fill\" >\n\t\t\t\t\t\t\t\t\t\n\t\t\t\n\n\t\t<\/div>\n\n\t\t\n\n\t\t<div class=\"section-content relative\">\n\t\t\t\n\n  <div class=\"banner has-hover has-parallax\" id=\"banner-2000052201\">\n          <div class=\"banner-inner fill\">\n        <div class=\"banner-bg fill\" data-parallax=\"-3\" data-parallax-container=\".banner\" data-parallax-background>\n            <img loading=\"lazy\" decoding=\"async\" width=\"1020\" height=\"680\" src=\"https:\/\/tmt.digitaldreamhomes.com\/wp-content\/uploads\/2025\/07\/2.-S102-2000x1334.jpg\" class=\"bg attachment-large size-large\" alt=\"\" \/>                                    \n                    <\/div>\n\t\t\n        <div class=\"banner-layers container\">\n            <div class=\"fill banner-link\"><\/div>            \n   <div id=\"text-box-963841253\" class=\"text-box banner-layer x50 md-x50 lg-x50 y50 md-y50 lg-y50 res-text\">\n                                <div class=\"text-box-content text dark\">\n              \n              <div class=\"text-inner text-center\">\n                  \n              <\/div>\n           <\/div>\n                            \n<style>\n#text-box-963841253 {\n  width: 60%;\n}\n#text-box-963841253 .text-box-content {\n  font-size: 100%;\n}\n<\/style>\n    <\/div>\n \n        <\/div>\n      <\/div>\n\n            \n<style>\n#banner-2000052201 {\n  padding-top: 99.99%;\n  background-color: rgb(255,255,255);\n}\n#banner-2000052201 .banner-bg img {\n  object-position: 52% 0%;\n}\n@media (min-width:550px) {\n  #banner-2000052201 {\n    padding-top: 85vh;\n  }\n}\n<\/style>\n  <\/div>\n\n\n\t\t<\/div>\n\n\t\t\n<style>\n#section_981979976 {\n  padding-top: 0px;\n  padding-bottom: 0px;\n}\n<\/style>\n\t<\/section>\n\t\n\n\t<section class=\"section\" id=\"section_985374220\">\n\t\t<div class=\"section-bg fill\" >\n\t\t\t\t\t\t\t\t\t\n\t\t\t\n\n\t\t<\/div>\n\n\t\t\n\n\t\t<div class=\"section-content relative\">\n\t\t\t\n<div class=\"row align-center\"  id=\"row-1324290028\">\n\n\t<div id=\"col-777149869\" class=\"col medium-11 small-12 large-11\"  >\n\t\t\t\t<div class=\"col-inner text-center\"  >\n\t\t\t\n\t\t\t\n\t<div id=\"gap-411610065\" class=\"gap-element clearfix\" style=\"display:block; height:auto;\">\n\t\t\n<style>\n#gap-411610065 {\n  padding-top: 65px;\n}\n@media (min-width:550px) {\n  #gap-411610065 {\n    padding-top: 85px;\n  }\n}\n<\/style>\n\t<\/div>\n\t\n\t<div id=\"text-1876538128\" class=\"text text-ics\">\n\t\t\n<p><span style=\"font-size: 140%;\">L&rsquo;itin\u00e9raire que nous avions imagin\u00e9 devait nous permettre de traverser les plus hautes montagnes de Tha\u00eflande et d&rsquo;atteindre les zones tribales les plus recul\u00e9es. Au cours du si\u00e8cle pr\u00e9c\u00e8dent, de nombreux sentiers existants dans la r\u00e9gion avaient \u00e9t\u00e9 cr\u00e9\u00e9s par ces peuples des montagnes en provenance de Chine et de Birmanie. Ils avaient pour objectif de relier les diff\u00e9rents villages et les zones de culture. Pour les d\u00e9couvrir et les r\u00e9habiliter, il n&rsquo;y avait donc qu&rsquo;un seul moyen : partir \u00e0 la rencontre de ces diff\u00e9rentes minorit\u00e9s et esp\u00e9rer qu\u2019elles coop\u00e9reraient.<\/span><\/p>\n\t\t\t<\/div>\n\t\n\t<div id=\"gap-1648160810\" class=\"gap-element clearfix\" style=\"display:block; height:auto;\">\n\t\t\n<style>\n#gap-1648160810 {\n  padding-top: 65px;\n}\n@media (min-width:550px) {\n  #gap-1648160810 {\n    padding-top: 85px;\n  }\n}\n<\/style>\n\t<\/div>\n\t\n\t\t<\/div>\n\t\t\t\t\n<style>\n#col-777149869 > .col-inner {\n  padding: 0px 0px 0px 0px;\n}\n<\/style>\n\t<\/div>\n\n\t\n<\/div>\n\t\t<\/div>\n\n\t\t\n<style>\n#section_985374220 {\n  padding-top: 0px;\n  padding-bottom: 0px;\n  background-color: rgb(255,255,255);\n}\n@media (min-width:550px) {\n  #section_985374220 {\n    padding-top: 0px;\n    padding-bottom: 0px;\n  }\n}\n<\/style>\n\t<\/section>\n\t\n\n\t<section class=\"section\" id=\"section_1863646888\">\n\t\t<div class=\"section-bg fill\" >\n\t\t\t\t\t\t\t\t\t\n\t\t\t\n\n\t\t<\/div>\n\n\t\t\n\n\t\t<div class=\"section-content relative\">\n\t\t\t\n\n  <div class=\"banner has-hover has-parallax\" id=\"banner-806445483\">\n          <div class=\"banner-inner fill\">\n        <div class=\"banner-bg fill\" data-parallax=\"-3\" data-parallax-container=\".banner\" data-parallax-background>\n            <img loading=\"lazy\" decoding=\"async\" width=\"1020\" height=\"680\" src=\"https:\/\/tmt.digitaldreamhomes.com\/wp-content\/uploads\/2025\/07\/3.-A2-Local-people-2000x1333.jpg\" class=\"bg attachment-large size-large\" alt=\"\" \/>                                    \n                    <\/div>\n\t\t\n        <div class=\"banner-layers container\">\n            <div class=\"fill banner-link\"><\/div>            \n   <div id=\"text-box-1081756199\" class=\"text-box banner-layer x50 md-x50 lg-x50 y50 md-y50 lg-y50 res-text\">\n                                <div class=\"text-box-content text dark\">\n              \n              <div class=\"text-inner text-center\">\n                  \n              <\/div>\n           <\/div>\n                            \n<style>\n#text-box-1081756199 {\n  width: 60%;\n}\n#text-box-1081756199 .text-box-content {\n  font-size: 100%;\n}\n<\/style>\n    <\/div>\n \n        <\/div>\n      <\/div>\n\n            \n<style>\n#banner-806445483 {\n  padding-top: 99.99%;\n  background-color: rgb(255,255,255);\n}\n#banner-806445483 .banner-bg img {\n  object-position: 48% 0%;\n}\n@media (min-width:550px) {\n  #banner-806445483 {\n    padding-top: 85vh;\n  }\n}\n<\/style>\n  <\/div>\n\n\n\t\t<\/div>\n\n\t\t\n<style>\n#section_1863646888 {\n  padding-top: 0px;\n  padding-bottom: 0px;\n}\n<\/style>\n\t<\/section>\n\t\n\n\t<section class=\"section\" id=\"section_440401247\">\n\t\t<div class=\"section-bg fill\" >\n\t\t\t\t\t\t\t\t\t\n\t\t\t\n\n\t\t<\/div>\n\n\t\t\n\n\t\t<div class=\"section-content relative\">\n\t\t\t\n<div class=\"row align-center\"  id=\"row-755957933\">\n\n\t<div id=\"col-1599790564\" class=\"col medium-11 small-12 large-11\"  >\n\t\t\t\t<div class=\"col-inner text-center\"  >\n\t\t\t\n\t\t\t\n\t<div id=\"gap-22903194\" class=\"gap-element clearfix\" style=\"display:block; height:auto;\">\n\t\t\n<style>\n#gap-22903194 {\n  padding-top: 65px;\n}\n@media (min-width:550px) {\n  #gap-22903194 {\n    padding-top: 85px;\n  }\n}\n<\/style>\n\t<\/div>\n\t\n\t<div id=\"text-2845679976\" class=\"text text-ics\">\n\t\t\n<p><span style=\"font-size: 140%;\">Pendant un an, aid\u00e9s d&rsquo;un traducteur-interpr\u00e8te puis seuls, nous avons parcouru les villages de montagne pour expliquer le projet, nouer des contacts, \u00e9tablir une relation de confiance et enfin trouver des personnes capables de nous montrer ces anciens sentiers. Apr\u00e8s avoir reconnu des centaines de kilom\u00e8tres de vieux sentiers, nous les avons finalement reli\u00e9s \u00e9tape par \u00e9tape pour cr\u00e9er plusieurs parcours \u00e0 la journ\u00e9e, et un itin\u00e9raire de grande randonn\u00e9e, TMT.1. En guise de bapt\u00eame et pour conclure ce projet, nous avons d\u00e9cid\u00e9 de le courir en int\u00e9gralit\u00e9 pour la premi\u00e8re fois en novembre 2013 avec une \u00e9quipe internationale de 5 coureurs.<\/span><\/p>\n\t\t\t<\/div>\n\t\n\t<div id=\"gap-1673596382\" class=\"gap-element clearfix\" style=\"display:block; height:auto;\">\n\t\t\n<style>\n#gap-1673596382 {\n  padding-top: 65px;\n}\n@media (min-width:550px) {\n  #gap-1673596382 {\n    padding-top: 85px;\n  }\n}\n<\/style>\n\t<\/div>\n\t\n\t\t<\/div>\n\t\t\t\t\n<style>\n#col-1599790564 > .col-inner {\n  padding: 0px 0px 0px 0px;\n}\n<\/style>\n\t<\/div>\n\n\t\n<\/div>\n\t\t<\/div>\n\n\t\t\n<style>\n#section_440401247 {\n  padding-top: 0px;\n  padding-bottom: 0px;\n  background-color: rgb(255,255,255);\n}\n@media (min-width:550px) {\n  #section_440401247 {\n    padding-top: 0px;\n    padding-bottom: 0px;\n  }\n}\n<\/style>\n\t<\/section>\n\t\n\n\t<section class=\"section\" id=\"section_1812108879\">\n\t\t<div class=\"section-bg fill\" >\n\t\t\t\t\t\t\t\t\t\n\t\t\t\n\n\t\t<\/div>\n\n\t\t\n\n\t\t<div class=\"section-content relative\">\n\t\t\t\n\n  <div class=\"banner has-hover has-parallax\" id=\"banner-871577465\">\n          <div class=\"banner-inner fill\">\n        <div class=\"banner-bg fill\" data-parallax=\"-3\" data-parallax-container=\".banner\" data-parallax-background>\n            <img loading=\"lazy\" decoding=\"async\" width=\"2560\" height=\"1707\" src=\"https:\/\/tmt.digitaldreamhomes.com\/wp-content\/uploads\/2025\/07\/4.-S205-scaled.jpg\" class=\"bg attachment-original size-original\" alt=\"\" \/>                                    \n                    <\/div>\n\t\t\n        <div class=\"banner-layers container\">\n            <div class=\"fill banner-link\"><\/div>            \n        <\/div>\n      <\/div>\n\n            \n<style>\n#banner-871577465 {\n  padding-top: 99.99%;\n  background-color: rgb(255,255,255);\n}\n#banner-871577465 .banner-bg img {\n  object-position: 50% 69%;\n}\n@media (min-width:550px) {\n  #banner-871577465 {\n    padding-top: 85vh;\n  }\n}\n<\/style>\n  <\/div>\n\n\n\t\t<\/div>\n\n\t\t\n<style>\n#section_1812108879 {\n  padding-top: 0px;\n  padding-bottom: 0px;\n}\n<\/style>\n\t<\/section>\n\t\n\n\t<section class=\"section\" id=\"section_1699509208\">\n\t\t<div class=\"section-bg fill\" >\n\t\t\t\t\t\t\t\t\t\n\t\t\t\n\n\t\t<\/div>\n\n\t\t\n\n\t\t<div class=\"section-content relative\">\n\t\t\t\n<div class=\"row align-center\"  id=\"row-1980160146\">\n\n\t<div id=\"col-2010318846\" class=\"col medium-11 small-12 large-11\"  >\n\t\t\t\t<div class=\"col-inner text-center\"  >\n\t\t\t\n\t\t\t\n\t<div id=\"gap-241700039\" class=\"gap-element clearfix\" style=\"display:block; height:auto;\">\n\t\t\n<style>\n#gap-241700039 {\n  padding-top: 65px;\n}\n@media (min-width:550px) {\n  #gap-241700039 {\n    padding-top: 85px;\n  }\n}\n<\/style>\n\t<\/div>\n\t\n\t<div id=\"text-2132839087\" class=\"text text-ics\">\n\t\t\n<p><span style=\"font-size: 140%;\">L\u2019agence Thailand Mountain Trail a \u00e9t\u00e9 cr\u00e9\u00e9e juste apr\u00e8s cette aventure. Nous souhaitions partager notre passion pour la nature, le trekking et le trail, et faire d\u00e9couvrir ces zones montagneuses au plus grand nombre. Nous avons \u00e9t\u00e9 contact\u00e9s par de nombreux randonneurs et trailers, enthousiastes \u00e0 l\u2019id\u00e9e de fouler ces parcours pour la premi\u00e8re fois et d\u00e9couvrir ces montagnes et sommets recul\u00e9s. Ont suivi d&rsquo;autres projets et \u00e9v\u00e9nements qui nous ont permis de renforcer les liens avec la population locale.<\/span><\/p>\n\t\t\t<\/div>\n\t\n\t<div id=\"gap-612356446\" class=\"gap-element clearfix\" style=\"display:block; height:auto;\">\n\t\t\n<style>\n#gap-612356446 {\n  padding-top: 65px;\n}\n@media (min-width:550px) {\n  #gap-612356446 {\n    padding-top: 85px;\n  }\n}\n<\/style>\n\t<\/div>\n\t\n\t\t<\/div>\n\t\t\t\t\n<style>\n#col-2010318846 > .col-inner {\n  padding: 0px 0px 0px 0px;\n}\n<\/style>\n\t<\/div>\n\n\t\n<\/div>\n\t\t<\/div>\n\n\t\t\n<style>\n#section_1699509208 {\n  padding-top: 0px;\n  padding-bottom: 0px;\n  background-color: rgb(255,255,255);\n}\n@media (min-width:550px) {\n  #section_1699509208 {\n    padding-top: 0px;\n    padding-bottom: 0px;\n  }\n}\n<\/style>\n\t<\/section>\n\t\n\n\t<section class=\"section\" id=\"section_2040722634\">\n\t\t<div class=\"section-bg fill\" >\n\t\t\t\t\t\t\t\t\t\n\t\t\t\n\n\t\t<\/div>\n\n\t\t\n\n\t\t<div class=\"section-content relative\">\n\t\t\t\n\n  <div class=\"banner has-hover has-parallax\" id=\"banner-598005406\">\n          <div class=\"banner-inner fill\">\n        <div class=\"banner-bg fill\" data-parallax=\"-3\" data-parallax-container=\".banner\" data-parallax-background>\n            <img loading=\"lazy\" decoding=\"async\" width=\"2560\" height=\"1709\" src=\"https:\/\/tmt.digitaldreamhomes.com\/wp-content\/uploads\/2025\/07\/5.-DSC_9872-scaled.jpg\" class=\"bg attachment-original size-original\" alt=\"\" \/>                                    \n                    <\/div>\n\t\t\n        <div class=\"banner-layers container\">\n            <div class=\"fill banner-link\"><\/div>            \n        <\/div>\n      <\/div>\n\n            \n<style>\n#banner-598005406 {\n  padding-top: 99.99%;\n  background-color: rgb(255,255,255);\n}\n#banner-598005406 .banner-bg img {\n  object-position: 57% 26%;\n}\n@media (min-width:550px) {\n  #banner-598005406 {\n    padding-top: 85vh;\n  }\n}\n<\/style>\n  <\/div>\n\n\n\t\t<\/div>\n\n\t\t\n<style>\n#section_2040722634 {\n  padding-top: 0px;\n  padding-bottom: 0px;\n}\n<\/style>\n\t<\/section>\n\t\n\n\t<section class=\"section\" id=\"section_1425124678\">\n\t\t<div class=\"section-bg fill\" >\n\t\t\t\t\t\t\t\t\t\n\t\t\t\n\n\t\t<\/div>\n\n\t\t\n\n\t\t<div class=\"section-content relative\">\n\t\t\t\n<div class=\"row align-center\"  id=\"row-1785554513\">\n\n\t<div id=\"col-1088103771\" class=\"col medium-11 small-12 large-11\"  >\n\t\t\t\t<div class=\"col-inner text-center\"  >\n\t\t\t\n\t\t\t\n\t<div id=\"gap-313753479\" class=\"gap-element clearfix\" style=\"display:block; height:auto;\">\n\t\t\n<style>\n#gap-313753479 {\n  padding-top: 65px;\n}\n@media (min-width:550px) {\n  #gap-313753479 {\n    padding-top: 85px;\n  }\n}\n<\/style>\n\t<\/div>\n\t\n\t<div id=\"text-158112003\" class=\"text text-ics\">\n\t\t\n<p><span style=\"font-size: 140%;\">Notre agence a maintenant plus de 10 ans d\u2019existence et reste encore la r\u00e9f\u00e9rence de la rando et du trail en Tha\u00eflande. Nous connaissons des centaines de kilom\u00e8tres de sentiers et des dizaines de zones montagneuses. Nous avons construit des logements de qualit\u00e9 en \u00e9troite collaboration avec les locaux dans de magnifiques villages que nous sommes les seuls \u00e0 connaitre. Nous avons collabor\u00e9 et organis\u00e9 de nombreux \u00e9v\u00e9nements iconiques pour d\u00e9velopper rando et trail autour de Chiang Mai. Notre mission est maintenant de continuer dans cette direction avec pour objectif l\u2019ouverture de deux autres sentiers de GR au d\u00e9part de Chiang Mai (TMT.2 et TMT.3) dans les 3 prochaines ann\u00e9es.<\/span><\/p>\n\t\t\t<\/div>\n\t\n\t<div id=\"gap-576060629\" class=\"gap-element clearfix\" style=\"display:block; height:auto;\">\n\t\t\n<style>\n#gap-576060629 {\n  padding-top: 65px;\n}\n@media (min-width:550px) {\n  #gap-576060629 {\n    padding-top: 85px;\n  }\n}\n<\/style>\n\t<\/div>\n\t\n\t\t<\/div>\n\t\t\t\t\n<style>\n#col-1088103771 > .col-inner {\n  padding: 0px 0px 0px 0px;\n}\n<\/style>\n\t<\/div>\n\n\t\n<\/div>\n\t\t<\/div>\n\n\t\t\n<style>\n#section_1425124678 {\n  padding-top: 0px;\n  padding-bottom: 0px;\n  background-color: rgb(255,255,255);\n}\n@media (min-width:550px) {\n  #section_1425124678 {\n    padding-top: 0px;\n    padding-bottom: 0px;\n  }\n}\n<\/style>\n\t<\/section>\n\t\n\n\t<section class=\"section\" id=\"section_605094010\">\n\t\t<div class=\"section-bg fill\" >\n\t\t\t\t\t\t\t\t\t\n\t\t\t\n\n\t\t<\/div>\n\n\t\t\n\n\t\t<div class=\"section-content relative\">\n\t\t\t\n\n  <div class=\"banner has-hover has-parallax\" id=\"banner-1526920689\">\n          <div class=\"banner-inner fill\">\n        <div class=\"banner-bg fill\" data-parallax=\"-3\" data-parallax-container=\".banner\" data-parallax-background>\n            <img loading=\"lazy\" decoding=\"async\" width=\"2560\" height=\"1707\" src=\"https:\/\/tmt.digitaldreamhomes.com\/wp-content\/uploads\/2025\/07\/6.-Thailand-Moution-Trail-467-scaled.jpg\" class=\"bg attachment-original size-original\" alt=\"\" \/>                                    \n                    <\/div>\n\t\t\n        <div class=\"banner-layers container\">\n            <div class=\"fill banner-link\"><\/div>            \n        <\/div>\n      <\/div>\n\n            \n<style>\n#banner-1526920689 {\n  padding-top: 99.99%;\n  background-color: rgb(255,255,255);\n}\n#banner-1526920689 .banner-bg img {\n  object-position: 46% 51%;\n}\n@media (min-width:550px) {\n  #banner-1526920689 {\n    padding-top: 85vh;\n  }\n}\n<\/style>\n  <\/div>\n\n\n\t\t<\/div>\n\n\t\t\n<style>\n#section_605094010 {\n  padding-top: 0px;\n  padding-bottom: 0px;\n}\n<\/style>\n\t<\/section>\n\t\n","protected":false},"excerpt":{"rendered":"","protected":false},"author":2,"featured_media":0,"parent":0,"menu_order":0,"comment_status":"closed","ping_status":"closed","template":"page-transparent-header-light.php","meta":{"_acf_changed":false,"inline_featured_image":false,"footnotes":""},"class_list":["post-5640","page","type-page","status-publish","hentry"],"acf":[],"_links":{"self":[{"href":"https:\/\/tmt.digitaldreamhomes.com\/fr\/wp-json\/wp\/v2\/pages\/5640","targetHints":{"allow":["GET"]}}],"collection":[{"href":"https:\/\/tmt.digitaldreamhomes.com\/fr\/wp-json\/wp\/v2\/pages"}],"about":[{"href":"https:\/\/tmt.digitaldreamhomes.com\/fr\/wp-json\/wp\/v2\/types\/page"}],"author":[{"embeddable":true,"href":"https:\/\/tmt.digitaldreamhomes.com\/fr\/wp-json\/wp\/v2\/users\/2"}],"replies":[{"embeddable":true,"href":"https:\/\/tmt.digitaldreamhomes.com\/fr\/wp-json\/wp\/v2\/comments?post=5640"}],"version-history":[{"count":10,"href":"https:\/\/tmt.digitaldreamhomes.com\/fr\/wp-json\/wp\/v2\/pages\/5640\/revisions"}],"predecessor-version":[{"id":6736,"href":"https:\/\/tmt.digitaldreamhomes.com\/fr\/wp-json\/wp\/v2\/pages\/5640\/revisions\/6736"}],"wp:attachment":[{"href":"https:\/\/tmt.digitaldreamhomes.com\/fr\/wp-json\/wp\/v2\/media?parent=5640"}],"curies":[{"name":"wp","href":"https:\/\/api.w.org\/{rel}","templated":true}]}}